{"id":2855,"date":"2015-08-19T17:44:52","date_gmt":"2015-08-19T17:44:52","guid":{"rendered":"http:\/\/bravehearts-institute.org\/?page_id=2855"},"modified":"2021-04-08T11:23:42","modified_gmt":"2021-04-08T09:23:42","slug":"home-2","status":"publish","type":"page","link":"https:\/\/bravehearts-institute.org\/en\/","title":{"rendered":"Home"},"content":{"rendered":"<div class=\"wpb-content-wrapper\"><p>[vc_row u_row_style=&#8221;0&#8243; u_row_paralax=&#8221;0&#8243; u_row_scheme=&#8221;0&#8243; css=&#8221;.vc_custom_1440086655398{margin-top: 0px !important;margin-bottom: 0px !important;padding-top: 80px !important;padding-bottom: 40px !important;background-color: #ffffff !important;}&#8221;][vc_column width=&#8221;1\/3&#8243;][vc_custom_heading text=&#8221;Embodied Leadership Training (ELT) &#8211; F\u00fchrung &#8220;verk\u00f6rpern&#8220;&#8221; font_container=&#8221;tag:h4|text_align:left&#8221; google_fonts=&#8221;font_family:Open%20Sans%3A300%2C300italic%2Cregular%2Citalic%2C600%2C600italic%2C700%2C700italic%2C800%2C800italic|font_style:400%20regular%3A400%3Anormal&#8221;][vc_single_image image=&#8221;4170&#8243; img_size=&#8221;540&#215;392&#8243; alignment=&#8221;center&#8221; css_animation=&#8221;bottom-to-top&#8221;][vc_column_text]<strong>Embodied Leadership Training (ELT, zu Deutsch etwa: \u201cK\u00f6rperbasiertes F\u00fchrungstraining\u201c), ist eine 100-st\u00fcndige Workshopserie, bei der die TeilnehmerInnen lernen, sich selbst im eigenen K\u00f6rper wahrzunehmen, und dadurch als integrierte F\u00fchrungspers\u00f6nlichkeit authentisch und selbstbewusst aufzutreten.<\/strong><\/p>\n<p><a href=\"http:\/\/elt.bravehearts-institute.org\/\" target=\"_blank\" rel=\"noopener noreferrer\"><strong>Mehr erfahren&#8230;<\/strong><\/a>[\/vc_column_text][\/vc_column][\/vc_row]<\/p>\n<\/div>","protected":false},"excerpt":{"rendered":"<p>[vc_row u_row_style=&#8221;0&#8243; u_row_paralax=&#8221;0&#8243; u_row_scheme=&#8221;0&#8243; css=&#8221;.vc_custom_1440086655398{margin-top: 0px !important;margin-bottom: 0px !important;padding-top: 80px !important;padding-bottom: 40px !important;background-color: #ffffff !important;}&#8221;][vc_column width=&#8221;1\/3&#8243;][vc_custom_heading text=&#8221;Embodied Leadership Training (ELT) &#8211; F\u00fchrung &#8220;verk\u00f6rpern&#8220;&#8221; font_container=&#8221;tag:h4|text_align:left&#8221; google_fonts=&#8221;font_family:Open%20Sans%3A300%2C300italic%2Cregular%2Citalic%2C600%2C600italic%2C700%2C700italic%2C800%2C800italic|font_style:400%20regular%3A400%3Anormal&#8221;][vc_single_image image=&#8221;4170&#8243; img_size=&#8221;540&#215;392&#8243; alignment=&#8221;center&#8221; css_animation=&#8221;bottom-to-top&#8221;][vc_column_text]Embodied Leadership Training (ELT, zu Deutsch etwa: \u201cK\u00f6rperbasiertes F\u00fchrungstraining\u201c), ist eine 100-st\u00fcndige Workshopserie, bei der die TeilnehmerInnen lernen, sich selbst im eigenen K\u00f6rper wahrzunehmen, und dadurch als [&hellip;]<\/p>\n","protected":false},"author":5,"featured_media":0,"parent":0,"menu_order":0,"comment_status":"closed","ping_status":"closed","template":"page-templates\/front-page.php","meta":{"footnotes":""},"class_list":["post-2855","page","type-page","status-publish","hentry"],"translation":{"provider":"WPGlobus","version":"3.0.0","language":"en","enabled_languages":["de","en"],"languages":{"de":{"title":true,"content":true,"excerpt":false},"en":{"title":true,"content":false,"excerpt":false}}},"_links":{"self":[{"href":"https:\/\/bravehearts-institute.org\/en\/wp-json\/wp\/v2\/pages\/2855","targetHints":{"allow":["GET"]}}],"collection":[{"href":"https:\/\/bravehearts-institute.org\/en\/wp-json\/wp\/v2\/pages"}],"about":[{"href":"https:\/\/bravehearts-institute.org\/en\/wp-json\/wp\/v2\/types\/page"}],"author":[{"embeddable":true,"href":"https:\/\/bravehearts-institute.org\/en\/wp-json\/wp\/v2\/users\/5"}],"replies":[{"embeddable":true,"href":"https:\/\/bravehearts-institute.org\/en\/wp-json\/wp\/v2\/comments?post=2855"}],"version-history":[{"count":4,"href":"https:\/\/bravehearts-institute.org\/en\/wp-json\/wp\/v2\/pages\/2855\/revisions"}],"predecessor-version":[{"id":4454,"href":"https:\/\/bravehearts-institute.org\/en\/wp-json\/wp\/v2\/pages\/2855\/revisions\/4454"}],"wp:attachment":[{"href":"https:\/\/bravehearts-institute.org\/en\/wp-json\/wp\/v2\/media?parent=2855"}],"curies":[{"name":"wp","href":"https:\/\/api.w.org\/{rel}","templated":true}]}}