{"id":3121,"date":"2015-10-05T17:50:24","date_gmt":"2015-10-05T15:50:24","guid":{"rendered":"http:\/\/bravehearts-institute.org\/?page_id=3121"},"modified":"2016-03-23T18:36:44","modified_gmt":"2016-03-23T17:36:44","slug":"team","status":"publish","type":"page","link":"https:\/\/bravehearts-institute.org\/en\/uber-uns\/team\/","title":{"rendered":"Team"},"content":{"rendered":"<div class=\"wpb-content-wrapper\"><p>[vc_row][vc_column width=&#8221;1\/2&#8243;][vc_single_image image=&#8221;3123&#8243; img_size=&#8221;100&#215;143&#8243; alignment=&#8221;right&#8221;][\/vc_column][vc_column width=&#8221;1\/2&#8243;][vc_column_text]<\/p>\n<div id=\"stcpDiv\">\n<p><strong>Frieder Krups<\/strong> ist Mitgr\u00fcnder und gesch\u00e4ftsf\u00fchrender Gesellschafter von BraveHearts. Er hat langj\u00e4hrige Erfahrung als Unternehmer &#8211; im Familienunternehmern, als Firmengr\u00fcnder und als angestellter Vorstand.<br \/>\nIn den letzten 7 Jahren hat er sich neben einer T\u00e4tigkeit als Unternehmercoach und -Facilitator in erster Linie mit sozialen Themen auseinandergesetzt:<\/p>\n<ul>\n<li>als Gr\u00fcnder des Economic Development Networks in der Young Presidents&#8217; Organisation (<a href=\"http:\/\/www.ypo.org\/\" target=\"_blank\">YPO<\/a>), einem internationalen Netzwerk von mehr als 20.000 Unternehmern, dessen Mitglied er seit 1989 ist<\/li>\n<li>als Gr\u00fcnder der HiMaT Grassroots Development Foundation und Mitbegr\u00fcnder des <a href=\"http:\/\/kado.org.pk\/himat-idlp\/\" target=\"_blank\">HiMaT Leadership &amp; Development Project<\/a> von KADO, das Dorfgemeinschaften im \u00e4u\u00dfersten Norden von Pakistan bei den eigenen Entwicklungsaktivit\u00e4ten coachen und unterst\u00fctzen,<\/li>\n<li>als Beiratsmitglied und Koordinator des Arbeitskreises Nachbarschaften der Agora K\u00f6ln, die im September 2013 den \u00e4u\u00dferst erfolgreichen <a href=\"http:\/\/www.tagdesgutenlebens.de\/\" target=\"_blank\">Tag des Guten Lebens<\/a> in K\u00f6ln Ehrenfeld ausgerichtet hat.<\/li>\n<\/ul>\n<\/div>\n<p>[\/vc_column_text][vc_btn title=&#8221;Mehr&#8221; style=&#8221;classic&#8221; color=&#8221;peacoc&#8221; link=&#8221;url:http%3A%2F%2Fde.linkedin.com%2Fin%2Ffriederkrups||target:%20_blank&#8221;][\/vc_column][\/vc_row][vc_row][vc_column width=&#8221;1\/2&#8243;][vc_single_image image=&#8221;2963&#8243; img_size=&#8221;100&#215;143&#8243; alignment=&#8221;right&#8221;][\/vc_column][vc_column width=&#8221;1\/2&#8243;][vc_column_text]<\/p>\n<p><strong>Dr. Deborah Heifetz<\/strong> Gesch\u00e4ftsf\u00fchrerin von BraveHearts und, neben Judy Gantz, Co-Entwicklerin des &#8220;Embodied Leadership Training&#8221;-Programms, tr\u00e4gt einen Doktortitel in Sozialanthropologie, einen M. A. in Tanz und den B. A. in Genetik. Au\u00dferdem ist sie zertifizierter Laban Movement Analyst und zertifizierte Mediatorin. Sie verf\u00fcgt \u00fcber 30 Jahre Erfahrung als Friedensaktivistin und Sozialwissenschaftlerin.<\/p>\n<p>[\/vc_column_text][vc_btn title=&#8221;Mehr&#8221; style=&#8221;classic&#8221; color=&#8221;peacoc&#8221; link=&#8221;url:http%3A%2F%2Fbravehearts-institute.org%2Fmember%2Fdr-deborah-heifetz%2F||&#8221;][\/vc_column][\/vc_row][vc_row][vc_column width=&#8221;1\/2&#8243;][vc_single_image image=&#8221;3328&#8243; img_size=&#8221;100&#215;143&#8243; alignment=&#8221;right&#8221;][\/vc_column][vc_column width=&#8221;1\/2&#8243;][vc_column_text]<\/p>\n<p><strong>Karolina Vogel <\/strong>ausgebildete Medienkauffrau, bei BraveHearts f\u00fcr die B\u00fcroorganisation, Betreuung und Koordination der ELT-Seminare sowie den Filmverleih zust\u00e4ndig.<\/p>\n<p>[\/vc_column_text][\/vc_column][\/vc_row]<\/p>\n<\/div>","protected":false},"excerpt":{"rendered":"<p>[vc_row][vc_column width=&#8221;1\/2&#8243;][vc_single_image image=&#8221;3123&#8243; img_size=&#8221;100&#215;143&#8243; alignment=&#8221;right&#8221;][\/vc_column][vc_column width=&#8221;1\/2&#8243;][vc_column_text] Frieder Krups ist Mitgr\u00fcnder und gesch\u00e4ftsf\u00fchrender Gesellschafter von BraveHearts. Er hat langj\u00e4hrige Erfahrung als Unternehmer &#8211; im Familienunternehmern, als Firmengr\u00fcnder und als angestellter Vorstand. In den letzten 7 Jahren hat er sich neben einer T\u00e4tigkeit als Unternehmercoach und -Facilitator in erster Linie mit sozialen Themen auseinandergesetzt: als Gr\u00fcnder des [&hellip;]<\/p>\n","protected":false},"author":5,"featured_media":0,"parent":3076,"menu_order":0,"comment_status":"closed","ping_status":"closed","template":"","meta":{"footnotes":""},"class_list":["post-3121","page","type-page","status-publish","hentry"],"translation":{"provider":"WPGlobus","version":"3.0.0","language":"en","enabled_languages":["de","en"],"languages":{"de":{"title":true,"content":true,"excerpt":false},"en":{"title":false,"content":false,"excerpt":false}}},"_links":{"self":[{"href":"https:\/\/bravehearts-institute.org\/en\/wp-json\/wp\/v2\/pages\/3121","targetHints":{"allow":["GET"]}}],"collection":[{"href":"https:\/\/bravehearts-institute.org\/en\/wp-json\/wp\/v2\/pages"}],"about":[{"href":"https:\/\/bravehearts-institute.org\/en\/wp-json\/wp\/v2\/types\/page"}],"author":[{"embeddable":true,"href":"https:\/\/bravehearts-institute.org\/en\/wp-json\/wp\/v2\/users\/5"}],"replies":[{"embeddable":true,"href":"https:\/\/bravehearts-institute.org\/en\/wp-json\/wp\/v2\/comments?post=3121"}],"version-history":[{"count":0,"href":"https:\/\/bravehearts-institute.org\/en\/wp-json\/wp\/v2\/pages\/3121\/revisions"}],"up":[{"embeddable":true,"href":"https:\/\/bravehearts-institute.org\/en\/wp-json\/wp\/v2\/pages\/3076"}],"wp:attachment":[{"href":"https:\/\/bravehearts-institute.org\/en\/wp-json\/wp\/v2\/media?parent=3121"}],"curies":[{"name":"wp","href":"https:\/\/api.w.org\/{rel}","templated":true}]}}