{"id":3332,"date":"2016-01-11T15:47:36","date_gmt":"2016-01-11T14:47:36","guid":{"rendered":"http:\/\/bravehearts-institute.org\/?page_id=3332"},"modified":"2017-07-13T14:50:22","modified_gmt":"2017-07-13T12:50:22","slug":"filmverleih","status":"publish","type":"page","link":"https:\/\/bravehearts-institute.org\/en\/social-action\/filmverleih\/","title":{"rendered":"Filme f\u00fcr eine bessere Welt"},"content":{"rendered":"<div class=\"wpb-content-wrapper\"><p>[vc_row equal_height=&#8221;yes&#8221; u_row_style=&#8221;0&#8243; u_row_paralax=&#8221;0&#8243; u_row_scheme=&#8221;0&#8243;][vc_column width=&#8221;2\/3&#8243;][vc_column_text css=&#8221;.vc_custom_1483823340988{padding-right: 30px !important;padding-left: 30px !important;}&#8221;]<em>BraveHearts<\/em> ist ein Filmverleih mit einem au\u00dfergew\u00f6hnlichen Ansatz. Wir wollen \u00fcber das Medium Film gesellschaftliche Probleme ins Bewusstsein bringen. Unsere Filme sollen die Zuschauer ber\u00fchren und zur Aktion bewegen. Mitgef\u00fchl \u00f6ffnet das Herz \u2013 Mitgef\u00fchl in Aktion umzusetzen erfordert Mut. Deshalb <strong>Brave Hearts<\/strong>!<br \/>\n<br class=\"\u201cclear\u201c\" \/>BraveHearts arbeitet eng zusammen mit \u00fcber 300 Organisationen und Personen, die \u00e4hnliche Ziele haben wie wir. Unsere Partner organisieren dazu im Anschlu\u00df an Filmvorf\u00fchrungen Podiumsdiskussionen, bei denen den Zuschauern konkrete Projekte zum pers\u00f6nlichen Aktiv-Werden angeboten werden.<br \/>\n<br class=\"\u201cclear\u201c\" \/>Unser Newsletterverteiler umfa\u00dft mehr als 4.000 NGOs, soziale Organisationen, auf Nachhaltigkeit ausgerichtete Unternehmen, Sozialunternehmen und Einzelpersonen, die sich f\u00fcr nachhaltige oder soziale Projekte einsetzen.<br \/>\n<br class=\"\u201cclear\u201c\" \/>Der erste Film von BraveHearts International war der Film <a href=\"http:\/\/bravehearts-institute.org\/social-action\/filmverleih\/die-oekonomie-des-gluecks\/\">DIE \u00d6KONOMIE DES GL\u00dcCKS<\/a>, ein Dokumentarfilm, der die M\u00f6glichkeiten darstellt, die in \u201eLokalisierung\u201c, dem Aufbau einer nachhaltigen, lokalen Wirtschaft steckt.<br \/>\n<br class=\"\u201cclear\u201c\" \/>Im Jahr 2014 folgten <a href=\"http:\/\/bravehearts-institute.org\/social-action\/filmverleih\/der-imker\/\">DER IMKER<\/a>, in dem das Ankommen eines Kriegsfl\u00fcchtlings in der neuen Heimat gezeigt wird, <a href=\"http:\/\/bravehearts-institute.org\/social-action\/filmverleih\/who-cares\/\">WHO CARES?<\/a>, ein inspirierender Dokumentarfilm \u00fcber Sozialunternehmer weltweit, sowie <a href=\"http:\/\/bravehearts-institute.org\/social-action\/filmverleih\/der-grosse-demokrator\/\">DER GROSSE DEMOKRATOR<\/a>, ein humorvoller Blick auf die (Un-)M\u00f6glichkeiten direkter Demokratie.<br \/>\n<br class=\"\u201cclear\u201c\" \/><a href=\"http:\/\/bravehearts-institute.org\/social-action\/filmverleih\/flowers-of-freedom\/\">FLOWERS OF FREEDOM<\/a>, der 2015 in den Kinos startete, erz\u00e4hlt die bewegende Geschichte einer Gruppe kirgisischer Aktivistinnen, die sich gegen die Bedrohung ihres Dorfes durch einen internationalen Gro\u00dfkonzern einsetzen.<br \/>\n<br class=\"\u201cclear\u201c\" \/>Seit 2014 nutzt BraveHearts sein gro\u00dfes Kontaktnetz im Bereich Nachhaltigkeit, Sozialengagement und Zivilgesellschaft, um andere Verleiher bei der Kinoeinf\u00fchrung von gesellschaftskritischen Filmen zu unterst\u00fctzen \u2013 unter anderem f\u00fcr den Film <a href=\"http:\/\/bravehearts-institute.org\/social-action\/filmverleih\/neuland\/\">NEULAND<\/a>, der das aktuelle Fl\u00fcchtlingsthema packend und sensibel verarbeitet.<br \/>\n<br class=\"\u201cclear\u201c\" \/>Strategische Zielsetzung f\u00fcr die Zukunft ist es, unser Partnerschaftsnetzwerk im Bereich Nachhaltigkeit, Sozialengagement und Zivilgesellschaft weiter auszubauen und zu vertiefen. Wir wollen immer mehr Menschen und Organisationen davon \u00fcberzeugen, dass Filmvorf\u00fchrungen mit anschlie\u00dfender Diskussion ein hervorragendes Mittel sind, um Menschen zu ber\u00fchren und zum Engagement zu bewegen.<br \/>\n<br class=\"\u201cclear\u201c\" \/>Hierzu werden wir unser Filmangebot durch Kooperationen mit anderen Verleihern st\u00e4ndig erweitern. Gleichzeitig werden wir mit\u00a0 Ablauf und Inhalt solch eigenorganisierter Veranstaltungen experimentieren, um zu lernen, wie sich hierdurch m\u00f6glichst nachhaltige Ver\u00e4nderungen erzielen lassen. Die Bildung von <em>\u00bbLern-\u00ab, \u00bbSupport-\u00ab oder \u00bbAktionsgruppen\u00ab <\/em>ist ein m\u00f6glicher Ansatz auf dem Weg dorthin (<a href=\"http:\/\/bravehearts-institute.org\/wp-content\/uploads\/2015\/08\/gastbeitrag_krups_eNewsletter25-2014_Wegweiser-B%C3%BCrgergesellschaft.pdf\">s. auch Beitrag von BraveHearts im Weltbeweger eNewsletter der Stiftung Mitarbeit<\/a>).[\/vc_column_text][\/vc_column][vc_column width=&#8221;1\/3&#8243;][vc_column_text]Diese Filme sind in unserem Shop auf DVD erh\u00e4ltlich und k\u00f6nnen f\u00fcr nicht-gewerbliche Vorstellungen ausgeliehen werden[\/vc_column_text][vc_single_image image=&#8221;3226&#8243; img_size=&#8221;120&#215;170.6&#8243; add_caption=&#8221;yes&#8221; alignment=&#8221;center&#8221; style=&#8221;vc_box_rounded&#8221; onclick=&#8221;custom_link&#8221; img_link_target=&#8221;_blank&#8221; link=&#8221;http:\/\/bravehearts-institute.org\/social-action\/filmverleih\/die-oekonomie-des-gluecks\/&#8221;][vc_single_image image=&#8221;3504&#8243; img_size=&#8221;120&#215;170.6&#8243; alignment=&#8221;center&#8221; style=&#8221;vc_box_rounded&#8221; onclick=&#8221;custom_link&#8221; link=&#8221;https:\/\/bravehearts-institute.org\/social-action\/filmverleih\/der-imker\/&#8221;][vc_single_image image=&#8221;3503&#8243; img_size=&#8221;120&#215;170.6&#8243; alignment=&#8221;center&#8221; style=&#8221;vc_box_rounded&#8221; onclick=&#8221;custom_link&#8221; link=&#8221;https:\/\/bravehearts-institute.org\/social-action\/filmverleih\/der-grosse-demokrator&#8221;][vc_single_image image=&#8221;3506&#8243; img_size=&#8221;154&#215;219&#8243; alignment=&#8221;center&#8221; style=&#8221;vc_box_rounded&#8221; onclick=&#8221;custom_link&#8221; link=&#8221;https:\/\/bravehearts-institute.org\/social-action\/filmverleih\/who-cares\/&#8221;][vc_single_image image=&#8221;3486&#8243; img_size=&#8221;120&#215;170.6&#8243; alignment=&#8221;center&#8221; style=&#8221;vc_box_rounded&#8221; onclick=&#8221;custom_link&#8221; link=&#8221;https:\/\/bravehearts-institute.org\/social-action\/filmverleih\/flowers-of-freedom\/&#8221;][vc_single_image image=&#8221;3530&#8243; img_size=&#8221;154&#215;219&#8243; alignment=&#8221;center&#8221; style=&#8221;vc_box_rounded&#8221; onclick=&#8221;custom_link&#8221; link=&#8221;https:\/\/bravehearts-institute.org\/social-action\/filmverleih\/neuland\/&#8221;][\/vc_column][\/vc_row]<\/p>\n<\/div>","protected":false},"excerpt":{"rendered":"<p>[vc_row equal_height=&#8221;yes&#8221; u_row_style=&#8221;0&#8243; u_row_paralax=&#8221;0&#8243; u_row_scheme=&#8221;0&#8243;][vc_column width=&#8221;2\/3&#8243;][vc_column_text css=&#8221;.vc_custom_1483823340988{padding-right: 30px !important;padding-left: 30px !important;}&#8221;]BraveHearts ist ein Filmverleih mit einem au\u00dfergew\u00f6hnlichen Ansatz. Wir wollen \u00fcber das Medium Film gesellschaftliche Probleme ins Bewusstsein bringen. Unsere Filme sollen die Zuschauer ber\u00fchren und zur Aktion bewegen. Mitgef\u00fchl \u00f6ffnet das Herz \u2013 Mitgef\u00fchl in Aktion umzusetzen erfordert Mut. Deshalb Brave Hearts! BraveHearts arbeitet [&hellip;]<\/p>\n","protected":false},"author":5,"featured_media":0,"parent":3756,"menu_order":0,"comment_status":"closed","ping_status":"closed","template":"","meta":{"footnotes":""},"class_list":["post-3332","page","type-page","status-publish","hentry"],"translation":{"provider":"WPGlobus","version":"3.0.0","language":"en","enabled_languages":["de","en"],"languages":{"de":{"title":true,"content":true,"excerpt":false},"en":{"title":false,"content":false,"excerpt":false}}},"_links":{"self":[{"href":"https:\/\/bravehearts-institute.org\/en\/wp-json\/wp\/v2\/pages\/3332","targetHints":{"allow":["GET"]}}],"collection":[{"href":"https:\/\/bravehearts-institute.org\/en\/wp-json\/wp\/v2\/pages"}],"about":[{"href":"https:\/\/bravehearts-institute.org\/en\/wp-json\/wp\/v2\/types\/page"}],"author":[{"embeddable":true,"href":"https:\/\/bravehearts-institute.org\/en\/wp-json\/wp\/v2\/users\/5"}],"replies":[{"embeddable":true,"href":"https:\/\/bravehearts-institute.org\/en\/wp-json\/wp\/v2\/comments?post=3332"}],"version-history":[{"count":0,"href":"https:\/\/bravehearts-institute.org\/en\/wp-json\/wp\/v2\/pages\/3332\/revisions"}],"up":[{"embeddable":true,"href":"https:\/\/bravehearts-institute.org\/en\/wp-json\/wp\/v2\/pages\/3756"}],"wp:attachment":[{"href":"https:\/\/bravehearts-institute.org\/en\/wp-json\/wp\/v2\/media?parent=3332"}],"curies":[{"name":"wp","href":"https:\/\/api.w.org\/{rel}","templated":true}]}}