{"id":3399,"date":"2015-11-02T11:58:05","date_gmt":"2015-11-02T10:58:05","guid":{"rendered":"http:\/\/bravehearts-institute.org\/?page_id=3399"},"modified":"2019-12-11T10:59:05","modified_gmt":"2019-12-11T09:59:05","slug":"impressum","status":"publish","type":"page","link":"https:\/\/bravehearts-institute.org\/en\/impressum\/","title":{"rendered":"Imprint"},"content":{"rendered":"<p><strong>BraveHearts Institute<\/strong> <em>ist ein Projekt von<\/em><\/p>\n<p>BraveHearts International GmbH<br \/>\nHauptstr. 247<br \/>\n51143 K\u00f6ln<br \/>\nTelefon +49 176 63053985 (Frieder Krups)<br \/>\nE-Mail info@bravehearts-international.org<br \/>\nWeb www.bravehearts-international.org<\/p>\n<p>Ust-IdNr.: DE120495621<\/p>\n<p>Amtsgericht Wuppertal HRB 20858<\/p>\n<p>Vertretungsberechtigte Gesch\u00e4ftsf\u00fchrer: Frieder Krups, Dr. Deborah Heifetz<\/p>\n<p>Inhaltlich verantwortlich gem\u00e4\u00df \u00a7 55 Abs. 2 RStV: Frieder Krups (Anschrift wie oben)<\/p>\n<p><strong>Haftungshinweis<\/strong><br \/>\nTrotz sorgf\u00e4ltiger inhaltlicher Kontrolle \u00fcbernehmen wir keine Haftung f\u00fcr die Inhalte externer Links. F\u00fcr die Inhalte der verlinkten Seiten sind ausschlie\u00dflich deren Betreiber verantwortlich.<\/p>\n<\/p>\n<p><strong>Datenschutz<\/strong><\/p>\n<p>Sie k\u00f6nnen unsere Webseite ohne Angabe personenbezogener Daten besuchen. Soweit auf unseren Seiten personenbezogene Daten (wie Name, Anschrift, Telefonnummer oder E-Mail Adresse) erhoben werden, erfolgt dies, soweit m\u00f6glich, auf freiwilliger Basis. Diese Daten werden ohne Ihre ausdr\u00fcckliche Zustimmung nicht an Dritte weitergegeben. Sofern zwischen Ihnen und uns ein Vertragsverh\u00e4ltnis begr\u00fcndet, inhaltlich ausgestaltet oder ge\u00e4ndert werden soll oder Sie an uns eine Anfrage stellen, erheben und verwenden wir personenbezogene Daten von Ihnen, soweit dies zu diesen Zwecken erforderlich ist. Wir erheben, verarbeiten und nutzen personenbezogene Daten soweit dies erforderlich ist, um Ihnen die Inanspruchnahme unseres Waren- und Workshopangebotes zu erm\u00f6glichen und Sie \u00fcber neue Angebote zu informieren. S\u00e4mtliche personenbezogenen Daten werden nur solange gespeichert wie dies f\u00fcr den genannten Zweck erforderlich oder von Ihnen gew\u00fcnscht ist. Hierbei werden steuer- und handelsrechtliche Aufbewahrungsfristen ber\u00fccksichtigt.<\/p>\n<p><strong>Auskunftsrecht<\/strong><\/p>\n<p>Sie haben das jederzeitige Recht, sich unentgeltlich und unverz\u00fcglich \u00fcber die zu Ihrer Person erhobenen Daten zu erkundigen. Sie haben das jederzeitige Recht, Ihre Zustimmung zur Verwendung Ihrer angegeben pers\u00f6nlichen Daten mit Wirkung f\u00fcr die Zukunft zu widerrufen. Zur Auskunftserteilung wenden Sie sich bitte an den Anbieter unter den Kontaktdaten im Impressum.<\/p>\n<h6><em>Text bereitgestellt von <a href=\"http:\/\/www.juraforum.de\" target=\"_blank\" rel=\"noopener noreferrer\">juraforum.de<\/a><\/em><\/h6>\n<p>Googel Analytics<\/p>\n<p>This website uses Google Analytics, a web analytics service provided by Google, Inc. (\u201cGoogle\u201d). Google Analytics uses \u201ccookies\u201d, which are text files placed on your computer, to help the website analyze how users use the site. The information generated by the cookie about your use of the website will be transmitted to and stored by Google on servers in the United States .<\/p>\n<p>In case IP-anonymisation is activated on this website, your IP address will be truncated within the area of Member States of the European Union or other parties to the Agreement on the European Economic Area. Only in exceptional cases the whole IP address will be first transfered to a Google server in the USA and truncated there. The IP-anonymisation is active on this website.<\/p>\n<p>Google will use this information on behalf of the operator of this website for the purpose of evaluating your use of the website, compiling reports on website activity for website operators and providing them other services relating to website activity and internet usage.<\/p>\n<p>The IP-address, that your Browser conveys within the scope of Google Analytics, will not be associated with any other data held by Google. You may refuse the use of cookies by selecting the appropriate settings on your browser, however please note that if you do this you may not be able to use the full functionality of this website. You can also opt-out from being tracked by Google Analytics with effect for the future by downloading and installing Google Analytics Opt-out Browser Addon for your current web browser: <a href=\"http:\/\/tools.google.com\/dlpage\/gaoptout?hl=en\">http:\/\/tools.google.com\/dlpage\/gaoptout?hl=en<\/a>.<\/p>\n<p>As an alternative to the browser Addon or within browsers on mobile devices, you can <a href=\"javascript:gaOptout()\">click this link<\/a> in order to opt-out from being tracked by Google Analytics within this website in the future (the opt-out applies only for the browser in which you set it and within this domain). &#8211; See more at: http:\/\/rechtsanwalt-schwenke.de\/google-analytics-rechtssicher-nutzen-anleitung-fuer-webmaster\/#sthash.jLLgpAZg.dpuf. An opt-out cookie will be stored on your device, which means that you&#8217;ll have to click this link again, if you delete your cookies.<\/p>\n","protected":false},"excerpt":{"rendered":"<p>BraveHearts Institute ist ein Projekt von BraveHearts International GmbH Hauptstr. 247 51143 K\u00f6ln Telefon +49 176 63053985 (Frieder Krups) E-Mail info@bravehearts-international.org Web www.bravehearts-international.org Ust-IdNr.: DE120495621 Amtsgericht Wuppertal HRB 20858 Vertretungsberechtigte Gesch\u00e4ftsf\u00fchrer: Frieder Krups, Dr. Deborah Heifetz Inhaltlich verantwortlich gem\u00e4\u00df \u00a7 55 Abs. 2 RStV: Frieder Krups (Anschrift wie oben) Haftungshinweis Trotz sorgf\u00e4ltiger inhaltlicher Kontrolle \u00fcbernehmen [&hellip;]<\/p>\n","protected":false},"author":5,"featured_media":0,"parent":0,"menu_order":0,"comment_status":"closed","ping_status":"closed","template":"","meta":{"footnotes":""},"class_list":["post-3399","page","type-page","status-publish","hentry"],"translation":{"provider":"WPGlobus","version":"3.0.0","language":"en","enabled_languages":["de","en"],"languages":{"de":{"title":true,"content":true,"excerpt":false},"en":{"title":true,"content":true,"excerpt":false}}},"_links":{"self":[{"href":"https:\/\/bravehearts-institute.org\/en\/wp-json\/wp\/v2\/pages\/3399","targetHints":{"allow":["GET"]}}],"collection":[{"href":"https:\/\/bravehearts-institute.org\/en\/wp-json\/wp\/v2\/pages"}],"about":[{"href":"https:\/\/bravehearts-institute.org\/en\/wp-json\/wp\/v2\/types\/page"}],"author":[{"embeddable":true,"href":"https:\/\/bravehearts-institute.org\/en\/wp-json\/wp\/v2\/users\/5"}],"replies":[{"embeddable":true,"href":"https:\/\/bravehearts-institute.org\/en\/wp-json\/wp\/v2\/comments?post=3399"}],"version-history":[{"count":0,"href":"https:\/\/bravehearts-institute.org\/en\/wp-json\/wp\/v2\/pages\/3399\/revisions"}],"wp:attachment":[{"href":"https:\/\/bravehearts-institute.org\/en\/wp-json\/wp\/v2\/media?parent=3399"}],"curies":[{"name":"wp","href":"https:\/\/api.w.org\/{rel}","templated":true}]}}