{"id":3552,"date":"2016-01-11T16:13:12","date_gmt":"2016-01-11T15:13:12","guid":{"rendered":"http:\/\/bravehearts-institute.org\/?page_id=3552"},"modified":"2017-01-07T19:55:11","modified_gmt":"2017-01-07T18:55:11","slug":"neuland","status":"publish","type":"page","link":"https:\/\/bravehearts-institute.org\/en\/social-action\/filmverleih\/neuland\/","title":{"rendered":"Neuland"},"content":{"rendered":"<div class=\"wpb-content-wrapper\"><p>[vc_row][vc_column][vc_video link=&#8221;https:\/\/youtu.be\/cLhZVEXTZOA&#8221;][vc_btn title=&#8221;DVD kaufen&#8221; color=&#8221;green&#8221; align=&#8221;left&#8221; link=&#8221;url:http%3A%2F%2Fbravehearts-institute.org%2Fshop%2Fneuland%2F||target:%20_blank&#8221;][vc_column_text]Schweiz 2013 \/ 93 Minuten \/ Dokumentarfilm \/ Originalfassung mit deutschen Untertiteln<\/p>\n<p>Regie: Anna Thommen<\/p>\n<p>Sie sind weit gereist \u2013 per Flugzeug, Zug, Bus oder Boot. Jetzt finden sie sich in der Integrationsklasse von Lehrer Christian Zingg in Basel wieder, wo Jugendliche aus aller Welt innerhalb von zwei Jahren Sprache und Kultur unseres Landes kennenlernen. Unter ihnen der 19-j\u00e4hrige Ehsanullah aus Afghanistan, der das Meer in einem Schlauchboot und die Berge zu Fuss \u00fcberquert hat. Oder die albanischen Geschwister Nazlije und Ismail, die ihre Heimat aus famili\u00e4ren Gr\u00fcnden verlassen haben und nun beim Vater und seiner neuen Frau untergekommen sind.<\/p>\n<p>Wie die drei hoffen alle in Christian Zinggs Klasse, ihre Vergangenheit hinter sich zu lassen und in der Schweiz ihre Tr\u00e4ume leben zu k\u00f6nnen. Der Lehrer macht sich und ihnen keine Illusionen dar\u00fcber, dass es schwierig ist, in einem fremden Land einen beruflichen Einstieg zu finden. Gleichwohl wird Herr Zingg nicht m\u00fcde, den Glauben seiner Sch\u00fclerinnen und Sch\u00fcler an sich selbst und an eine bessere Zukunft zu st\u00e4rken.<\/p>\n<p>Anna Thommens an zahlreichen Festivals ausgezeichneter Dokumentarfilm \u00f6ffnet den Blick in eine Welt, die man so kaum kennt. Gekonnt verwebt die Regisseurin verschiedene, einf\u00fchlsam beobachtete Geschichten. NEULAND ist engagiert, bringt einem die portr\u00e4tierten Menschen n\u00e4her, entkr\u00e4ftet Vorurteile \u2013 ein fesselnder, sensibler und eindringlicher Film.<\/p>\n<p>F\u00fcr Schulvorstellungen von \u201eNeuland\u201c steht kostenloses Begleitmaterial\u00a0zur Verf\u00fcgung. <a href=\"http:\/\/bravehearts-institute.org\/wp-content\/uploads\/2016\/01\/Neuland_Schuldokumentation_Deutschland.pdf\" target=\"_blank\">&gt;&gt; Download<\/a><\/p>\n<p>Weitere Informationen zum Film finden Sie im Presseheft.<span class=\"Apple-converted-space\">\u00a0<\/span><a href=\"http:\/\/bravehearts-institute.org\/wp-content\/uploads\/2016\/01\/NEULAND_Presseheft.pdf\" target=\"_blank\">&gt;&gt; Download<\/a><\/p>\n<p>[\/vc_column_text]\t\t<section class=\"testimonials testimonials-4081 \" data-delay=0>\r\n        \t<div class=\"section-inner\">\r\n                <div class=\"testimonial-carousel owl-carousel is-carousel single-carousel\"  >\r\n                    \t\t<div class=\"carousel-item testimonial-item-2162\">\r\n            <div class=\"testimonial-item text-center\">\r\n                <p class=\"minion\">Ein Film, wie ein Geschenk des Himmels.<br \/>\nEin Hoffnungsstrahl.<br \/>\nEin Film, der zeigt, was alles m\u00f6glich ist mit Menschlichkeit und Mitgef\u00fchl.<br \/>\n<\/p>\r\n                <div class=\"media professor\">\r\n                \t                    <div class=\"media-body\">\r\n                        <h6 class=\"media-heading main-color-2\">ZDF heute-journal<\/h6>\r\n                        <span><\/span>\r\n                    <\/div>\r\n                <\/div>\r\n            <\/div>\r\n        <\/div><!--\/carousel-item-->\r\n\t\t\t<div class=\"carousel-item testimonial-item-1204\">\r\n            <div class=\"testimonial-item text-center\">\r\n                <p class=\"minion\"><\/p>\n<p>Der sch\u00f6ne, feinf\u00fchlig beobachtende Film ist eine hoch verdiente Ehrung f\u00fcr den wunderbaren Lehrer Christian Zingg, der konsequent, gerecht und niemals anbiedernd ist.<\/p>\n<p><\/p>\r\n                <div class=\"media professor\">\r\n                \t                    <div class=\"media-body\">\r\n                        <h6 class=\"media-heading main-color-2\">radioeins Zw\u00f6lf Uhr mittags<\/h6>\r\n                        <span><\/span>\r\n                    <\/div>\r\n                <\/div>\r\n            <\/div>\r\n        <\/div><!--\/carousel-item-->\r\n\t\t\t<div class=\"carousel-item testimonial-item-8212\">\r\n            <div class=\"testimonial-item text-center\">\r\n                <p class=\"minion\"><\/p>\n<p>So ist NEULAND ein sensibler, eindringlicher, bisweilen unmittelbar ber\u00fchrender Film, der das nicht nur in der Schweiz relevante Thema gesellschaftlicher Integration geschickt behandelt \u2013 und nebenbei gro\u00dfartigen Lehrern wie Christian Zingg ein kleines Denkmal setzt.<\/p>\n<p><\/p>\r\n                <div class=\"media professor\">\r\n                \t                    <div class=\"media-body\">\r\n                        <h6 class=\"media-heading main-color-2\">filmdienst<\/h6>\r\n                        <span><\/span>\r\n                    <\/div>\r\n                <\/div>\r\n            <\/div>\r\n        <\/div><!--\/carousel-item-->\r\n\t\t\t<div class=\"carousel-item testimonial-item-2550\">\r\n            <div class=\"testimonial-item text-center\">\r\n                <p class=\"minion\"><\/p>\n<p>\u00dcber die Themen Migration und Integration wird auch in der Schweiz viel diskutiert. Der Dokumentarfilm NEULAND leistet einen bemerkenswert subtilen Beitrag zu dieser Debatte.<\/p>\n<p><\/p>\r\n                <div class=\"media professor\">\r\n                \t                    <div class=\"media-body\">\r\n                        <h6 class=\"media-heading main-color-2\">WDR 3 Mosaik<\/h6>\r\n                        <span><\/span>\r\n                    <\/div>\r\n                <\/div>\r\n            <\/div>\r\n        <\/div><!--\/carousel-item-->\r\n\t\t\t<div class=\"carousel-item testimonial-item-2212\">\r\n            <div class=\"testimonial-item text-center\">\r\n                <p class=\"minion\"><\/p>\n<p>Es ist eine Herausforderung, die Anna Thommen mit Bravour gemeistert hat. (\u2026) Mit NEULAND ist ihr ein wahrmherziger, ein menschlicher Blick auf ein Thema gelungen, das so sehr mit Vorurteilen besetzt ist.<\/p>\n<p><\/p>\r\n                <div class=\"media professor\">\r\n                \t                    <div class=\"media-body\">\r\n                        <h6 class=\"media-heading main-color-2\">Programmkino.de<\/h6>\r\n                        <span><\/span>\r\n                    <\/div>\r\n                <\/div>\r\n            <\/div>\r\n        <\/div><!--\/carousel-item-->\r\n\t\t\t<div class=\"carousel-item testimonial-item-3292\">\r\n            <div class=\"testimonial-item text-center\">\r\n                <p class=\"minion\"><\/p>\n<p>Ohne aufgesetzte Botschaft oder forcierte Eingriffe (\u2026) d\u00fcrfte dieser Film manches Vorurteil entt\u00e4uschen. Es sind junge, zerbrechliche Menschen, die hier bei uns Neuland betreten \u2013 und man w\u00fcnscht Ehsanullah, Nazlije, Hamidullah und Ismail, dass sie die von ihnen gegen Ende des Films eingeschlagenen Wege mit viel Mut weiterzugehen verm\u00f6gen. F\u00fcr die ebenfalls noch junge Regisseurin braucht man diesbez\u00fcglich, so legt es dieser gelungene Film nahe, wenig zu f\u00fcrchten.<\/p>\n<p><\/p>\r\n                <div class=\"media professor\">\r\n                \t                    <div class=\"media-body\">\r\n                        <h6 class=\"media-heading main-color-2\">Neue Z\u00fcrcher Zeitung<\/h6>\r\n                        <span><\/span>\r\n                    <\/div>\r\n                <\/div>\r\n            <\/div>\r\n        <\/div><!--\/carousel-item-->\r\n\t\t\t<div class=\"carousel-item testimonial-item-3673\">\r\n            <div class=\"testimonial-item text-center\">\r\n                <p class=\"minion\"><\/p>\n<p>Es ist ein Film, der Hoffnung macht, der Mut gibt und der nicht nur die Schicksale der jungen Fl\u00fcchtlinge im Fokus hat, sondern sensibilisiert f\u00fcr das Thema Integration in Europa, das \u00fcber alle Grenzen hinweg zu einem zentralen gesellschaftlichen Thema geworden ist.<\/p>\n<p><\/p>\r\n                <div class=\"media professor\">\r\n                \t                    <div class=\"media-body\">\r\n                        <h6 class=\"media-heading main-color-2\">Jury Preis der SOS-Kinderd\u00f6rfer, DOK.fest M\u00fcnchen<\/h6>\r\n                        <span><\/span>\r\n                    <\/div>\r\n                <\/div>\r\n            <\/div>\r\n        <\/div><!--\/carousel-item-->\r\n\t                <\/div>\r\n            <\/div>\r\n        <\/section><!--\/testimonial-->\r\n\t[vc_gallery type=&#8221;image_grid&#8221; images=&#8221;3536,3535,3534,3533,3532,3531&#8243;][\/vc_column][\/vc_row]<\/p>\n<\/div>","protected":false},"excerpt":{"rendered":"<p>[vc_row][vc_column][vc_video link=&#8221;https:\/\/youtu.be\/cLhZVEXTZOA&#8221;][vc_btn title=&#8221;DVD kaufen&#8221; color=&#8221;green&#8221; align=&#8221;left&#8221; link=&#8221;url:http%3A%2F%2Fbravehearts-institute.org%2Fshop%2Fneuland%2F||target:%20_blank&#8221;][vc_column_text]Schweiz 2013 \/ 93 Minuten \/ Dokumentarfilm \/ Originalfassung mit deutschen Untertiteln Regie: Anna Thommen Sie sind weit gereist \u2013 per Flugzeug, Zug, Bus oder Boot. Jetzt finden sie sich in der Integrationsklasse von Lehrer Christian Zingg in Basel wieder, wo Jugendliche aus aller Welt innerhalb von zwei Jahren [&hellip;]<\/p>\n","protected":false},"author":5,"featured_media":3544,"parent":3332,"menu_order":0,"comment_status":"closed","ping_status":"closed","template":"","meta":{"footnotes":""},"class_list":["post-3552","page","type-page","status-publish","has-post-thumbnail","hentry"],"translation":{"provider":"WPGlobus","version":"3.0.0","language":"en","enabled_languages":["de","en"],"languages":{"de":{"title":true,"content":true,"excerpt":false},"en":{"title":false,"content":false,"excerpt":false}}},"_links":{"self":[{"href":"https:\/\/bravehearts-institute.org\/en\/wp-json\/wp\/v2\/pages\/3552","targetHints":{"allow":["GET"]}}],"collection":[{"href":"https:\/\/bravehearts-institute.org\/en\/wp-json\/wp\/v2\/pages"}],"about":[{"href":"https:\/\/bravehearts-institute.org\/en\/wp-json\/wp\/v2\/types\/page"}],"author":[{"embeddable":true,"href":"https:\/\/bravehearts-institute.org\/en\/wp-json\/wp\/v2\/users\/5"}],"replies":[{"embeddable":true,"href":"https:\/\/bravehearts-institute.org\/en\/wp-json\/wp\/v2\/comments?post=3552"}],"version-history":[{"count":0,"href":"https:\/\/bravehearts-institute.org\/en\/wp-json\/wp\/v2\/pages\/3552\/revisions"}],"up":[{"embeddable":true,"href":"https:\/\/bravehearts-institute.org\/en\/wp-json\/wp\/v2\/pages\/3332"}],"wp:featuredmedia":[{"embeddable":true,"href":"https:\/\/bravehearts-institute.org\/en\/wp-json\/wp\/v2\/media\/3544"}],"wp:attachment":[{"href":"https:\/\/bravehearts-institute.org\/en\/wp-json\/wp\/v2\/media?parent=3552"}],"curies":[{"name":"wp","href":"https:\/\/api.w.org\/{rel}","templated":true}]}}