{"id":3571,"date":"2016-01-11T17:15:27","date_gmt":"2016-01-11T16:15:27","guid":{"rendered":"http:\/\/bravehearts-institute.org\/?page_id=3571"},"modified":"2016-03-04T15:32:34","modified_gmt":"2016-03-04T14:32:34","slug":"flowers-of-freedom","status":"publish","type":"page","link":"https:\/\/bravehearts-institute.org\/en\/social-action\/filmverleih\/flowers-of-freedom\/","title":{"rendered":"Flowers of Freedom"},"content":{"rendered":"<div class=\"wpb-content-wrapper\"><p>[vc_row][vc_column][vc_video link=&#8221;https:\/\/www.youtube.com\/watch?v=F_I-auxaEL0&#8243;][vc_btn title=&#8221;DVD kaufen&#8221; color=&#8221;green&#8221; align=&#8221;left&#8221; link=&#8221;url:http%3A%2F%2Fbravehearts-institute.org%2Fshop%2Fflowers-of-freedom%2F||target:%20_blank&#8221;][vc_column_text]Deutschland 2014 \/ 92 Minuten \/ Dokumentarfilm \/ Krigisisch, Russisch mit deutschen Untertiteln<\/p>\n<p>T\u00e4glich donnern durch das kirgisische Dorf Barskoon riesige LKWs mit einer gef\u00e4hrlichen Fracht: Zyanid; eine hochgiftige Chemikalie, mit der in der nahe gelegenen Kumtor-Mine Gold abgebaut wird. Als 1998 ein mit Zyanid beladener LKW in den Fluss des Dorfes st\u00fcrzt, erkranken Hunderte von Dorfbewohnern. Sieben Jahre sp\u00e4ter beginnen mutige Frauen ihren Kampf f\u00fcr die Rechte der Opfer. Sie gr\u00fcnden eine kleine Umweltorganisation und blockieren die Zufahrt zur Mine. Von den anderen Frauen im Dorf werden die Umweltaktivistinnen f\u00fcr ihren Mut und ihre Unabh\u00e4ngigkeit bewundert: Erking\u00fcl, die wegen ihrer politischen Aktivit\u00e4t massiv unter Druck gesetzt wird, Sakisch, die als erste Frau im Dorf ein Auto f\u00e4hrt, und die alleinerziehende Asel, die den Mut hat, sich aus einer Zwangsehe zu befreien.<\/p>\n<p>Vier Jahre lang begleitete die Ethnologin und K\u00f6lner Filmemacherin Mirjam Leuze die Aktivistinnen mit ihrer Kamera und wurde dabei Zeugin einer erstaunlichen Entwicklung: Nachdem im Fr\u00fchjahr 2010 eine Revolution das Regime in Kirgistan st\u00fcrzt, werden die bis dahin unter Polizeibeobachtung stehenden Frauen zu Mitgestalterinnen eines demokratischen Aufbruchs. So schafft Erking\u00fcl nach den ersten demokratischen Wahlen den Sprung ins Parlament und f\u00fchrt ihren z\u00e4hen Kampf gegen die Goldmine als Politikerin weiter.<\/p>\n<p>Mit Humor und gro\u00dfer N\u00e4he zeigt der Film Leben und \u00dcberleben in einem kirgisischen Dorf, und den globalen Kampf um Rohstoffe aus der\u00a0Perspektive mutiger Frauen\u00a0in Zentralasien.<\/p>\n<p><strong>Ein Film \u00fcber Frauen und Freundschaft, Zivilcourage und Zyanid<\/strong><\/p>\n<p>Weitere Informationen zum Film finden Sie im Presseheft.<a href=\"http:\/\/bravehearts-institute.org\/wp-content\/uploads\/2016\/01\/flowers_presseheft_online_bhf.pdf\" rel=\"\"> Download<\/a><\/p>\n<p>Zur Kampagne <a href=\"http:\/\/bravehearts-institute.org\/social-action\/filmverleih\/flowers-of-freedom\/kampagne-flowers\/\">&#8220;Wenn wir nichts tun, wer dann?&#8221;<\/a>[\/vc_column_text]\t\t<section class=\"testimonials testimonials-763 \" data-delay=0>\r\n        \t<div class=\"section-inner\">\r\n                <div class=\"testimonial-carousel owl-carousel is-carousel single-carousel\"  >\r\n                    \t\t<div class=\"carousel-item testimonial-item-1770\">\r\n            <div class=\"testimonial-item text-center\">\r\n                <p class=\"minion\"><\/p>\n<p>ein sehenswertes Portr\u00e4t von beispielhafter Zivilcourage<\/p>\n<p><\/p>\r\n                <div class=\"media professor\">\r\n                \t                    <div class=\"media-body\">\r\n                        <h6 class=\"media-heading main-color-2\">programmkino.de<\/h6>\r\n                        <span><\/span>\r\n                    <\/div>\r\n                <\/div>\r\n            <\/div>\r\n        <\/div><!--\/carousel-item-->\r\n\t\t\t<div class=\"carousel-item testimonial-item-1178\">\r\n            <div class=\"testimonial-item text-center\">\r\n                <p class=\"minion\"><\/p>\n<p>Leuzes Werk ist einf\u00fchlsam, ergreifend und bedeutungsvoll.<\/p>\n<p><\/p>\r\n                <div class=\"media professor\">\r\n                \t                    <div class=\"media-body\">\r\n                        <h6 class=\"media-heading main-color-2\">kino-zeit.de<\/h6>\r\n                        <span><\/span>\r\n                    <\/div>\r\n                <\/div>\r\n            <\/div>\r\n        <\/div><!--\/carousel-item-->\r\n\t\t\t<div class=\"carousel-item testimonial-item-6386\">\r\n            <div class=\"testimonial-item text-center\">\r\n                <p class=\"minion\"><\/p>\n<p>Ein immer wieder am\u00fcsanter Dokumentarfilm [&#8230;] \u00fcber einen beeindruckenden Kraftakt.<\/p>\n<p><\/p>\r\n                <div class=\"media professor\">\r\n                \t                    <div class=\"media-body\">\r\n                        <h6 class=\"media-heading main-color-2\">S\u00fcddeutsche Zeitung<\/h6>\r\n                        <span><\/span>\r\n                    <\/div>\r\n                <\/div>\r\n            <\/div>\r\n        <\/div><!--\/carousel-item-->\r\n\t\t\t<div class=\"carousel-item testimonial-item-1624\">\r\n            <div class=\"testimonial-item text-center\">\r\n                <p class=\"minion\"><\/p>\n<p>Filmemacherin Mirjam Leuze gelingt ein spannendes Portr\u00e4t mit genauen Beobachtungen, was ein solidarisches Zusammenstehen bewirken kann.<\/p>\n<p><\/p>\r\n                <div class=\"media professor\">\r\n                \t                    <div class=\"media-body\">\r\n                        <h6 class=\"media-heading main-color-2\">dokumentarfilm.info<\/h6>\r\n                        <span><\/span>\r\n                    <\/div>\r\n                <\/div>\r\n            <\/div>\r\n        <\/div><!--\/carousel-item-->\r\n\t                <\/div>\r\n            <\/div>\r\n        <\/section><!--\/testimonial-->\r\n\t[vc_gallery type=&#8221;image_grid&#8221; images=&#8221;3495,3494,3493,3492,3491,3490,3489,3488,3487&#8243;][\/vc_column][\/vc_row]<\/p>\n<\/div>","protected":false},"excerpt":{"rendered":"<p>[vc_row][vc_column][vc_video link=&#8221;https:\/\/www.youtube.com\/watch?v=F_I-auxaEL0&#8243;][vc_btn title=&#8221;DVD kaufen&#8221; color=&#8221;green&#8221; align=&#8221;left&#8221; link=&#8221;url:http%3A%2F%2Fbravehearts-institute.org%2Fshop%2Fflowers-of-freedom%2F||target:%20_blank&#8221;][vc_column_text]Deutschland 2014 \/ 92 Minuten \/ Dokumentarfilm \/ Krigisisch, Russisch mit deutschen Untertiteln T\u00e4glich donnern durch das kirgisische Dorf Barskoon riesige LKWs mit einer gef\u00e4hrlichen Fracht: Zyanid; eine hochgiftige Chemikalie, mit der in der nahe gelegenen Kumtor-Mine Gold abgebaut wird. Als 1998 ein mit Zyanid beladener LKW in den [&hellip;]<\/p>\n","protected":false},"author":5,"featured_media":3577,"parent":3332,"menu_order":0,"comment_status":"closed","ping_status":"closed","template":"","meta":{"footnotes":""},"class_list":["post-3571","page","type-page","status-publish","has-post-thumbnail","hentry"],"translation":{"provider":"WPGlobus","version":"3.0.0","language":"en","enabled_languages":["de","en"],"languages":{"de":{"title":true,"content":true,"excerpt":false},"en":{"title":false,"content":false,"excerpt":false}}},"_links":{"self":[{"href":"https:\/\/bravehearts-institute.org\/en\/wp-json\/wp\/v2\/pages\/3571","targetHints":{"allow":["GET"]}}],"collection":[{"href":"https:\/\/bravehearts-institute.org\/en\/wp-json\/wp\/v2\/pages"}],"about":[{"href":"https:\/\/bravehearts-institute.org\/en\/wp-json\/wp\/v2\/types\/page"}],"author":[{"embeddable":true,"href":"https:\/\/bravehearts-institute.org\/en\/wp-json\/wp\/v2\/users\/5"}],"replies":[{"embeddable":true,"href":"https:\/\/bravehearts-institute.org\/en\/wp-json\/wp\/v2\/comments?post=3571"}],"version-history":[{"count":0,"href":"https:\/\/bravehearts-institute.org\/en\/wp-json\/wp\/v2\/pages\/3571\/revisions"}],"up":[{"embeddable":true,"href":"https:\/\/bravehearts-institute.org\/en\/wp-json\/wp\/v2\/pages\/3332"}],"wp:featuredmedia":[{"embeddable":true,"href":"https:\/\/bravehearts-institute.org\/en\/wp-json\/wp\/v2\/media\/3577"}],"wp:attachment":[{"href":"https:\/\/bravehearts-institute.org\/en\/wp-json\/wp\/v2\/media?parent=3571"}],"curies":[{"name":"wp","href":"https:\/\/api.w.org\/{rel}","templated":true}]}}