{"id":3585,"date":"2016-01-11T18:38:55","date_gmt":"2016-01-11T17:38:55","guid":{"rendered":"http:\/\/bravehearts-institute.org\/?page_id=3585"},"modified":"2016-03-04T15:38:55","modified_gmt":"2016-03-04T14:38:55","slug":"who-cares","status":"publish","type":"page","link":"https:\/\/bravehearts-institute.org\/en\/social-action\/filmverleih\/who-cares\/","title":{"rendered":"Who cares? Du machst den Unterschied"},"content":{"rendered":"<div class=\"wpb-content-wrapper\"><p>[vc_row][vc_column][vc_video link=&#8221;https:\/\/www.youtube.com\/watch?v=iocJCUixWhw&#8221;][vc_btn title=&#8221;DVD kaufen&#8221; color=&#8221;green&#8221; align=&#8221;left&#8221; link=&#8221;url:http%3A%2F%2Fbravehearts-institute.org%2Fshop%2Fwho-cares-dumachst-den-unterschied%2F||target:%20_blank&#8221;][vc_column_text]Brasilien 2013 \/ 92 Minuten \/ Dokumentarfilm \/ Portugiesisch, Englisch, Spanisch mit deutschen Untertiteln<\/p>\n<p>Regie: Mara Mour\u00e3o<\/p>\n<p>Kriege, Unterdr\u00fcckung, Klimawandel, Armut, Finanzkrise, Isolation und Einsamkeit. Wir kennen die Probleme. Wir haben sie h\u00e4ufig genug in den Medien oder mit unseren eigenen Augen gesehen. Wichtige Filme wurden dar\u00fcber gedreht. Jetzt ist es an der Zeit, \u00fcber L\u00f6sungen zu reden! Und \u00fcber die Personen, die diese L\u00f6sungen geschaffen haben.<br \/>\n<br class=\"clear\" \/>\u201eWho cares?\u201c zeigt die meist noch unbekannte Arbeit von Sozialunternehmern \u2010 charismatische und zugleich pragmatische Pers\u00f6nlichkeiten, die mit ihren bahnbrechenden Ideen die Welt ver\u00e4ndern. Menschen, die innovative Organisationen gegr\u00fcndet haben. Menschen, die nicht nur ihr direktes Umfeld revolutionieren, sondern hinter deren Ideen eine solche Kraft steckt, dass sie in weiten Teilen der Welt Nachahmer gefunden haben.<br class=\"clear\" \/><br class=\"clear\" \/>Was bewegt jemanden dazu, Sozialunternehmer zu werden? Unterscheiden sie sich von uns? Dieser Film zeigt uns, welche pers\u00f6nlichen Gr\u00fcnde Changemaker zum Handeln getrieben haben \u2013 was sie motiviert, die Welt um sich herum zu ver\u00e4ndern. Wir lernen zu verstehen, wie sie denken, erfahren, welche Hindernisse sie zu \u00fcberwinden hatten, und sp\u00fcren hautnah die Freude, die ihre Mission ihnen gibt.<br class=\"clear\" \/><br class=\"clear\" \/>Vor allem zeigt der Film aber eines: Positive Visionen und kreative L\u00f6sungen f\u00fcr eine nachhaltige, faire und bessere Welt. Vor zwei Jahrzehnten gab es nicht einmal einen Begriff f\u00fcr \u201eSozialunternehmer\u201c. Heute \u00e4ndern sie das Gesicht dieses Planeten.<br class=\"clear\" \/><br class=\"clear\" \/>WHO CARES? bietet die einzigartige Chance, von Sozialunternehmern wie Nobelpreistr\u00e4ger Muhammad Yunus und Ashoka\u2010Gr\u00fcnder Bill Drayton zu lernen, die zu den renommiertesten und erfolgreichsten der Welt geh\u00f6ren. Personen, deren zukunftsweisende Ideen bereits Millionen von Leben ver\u00e4ndert haben.<br \/>\n<br class=\"clear\" \/>Weitere Informationen zum Film finden Sie im Presseheft. <a href=\"http:\/\/bravehearts-institute.org\/wp-content\/uploads\/2016\/01\/Presseheft_WhoCares_BraveHearts.pdf\" rel=\"\">&gt;&gt; Download<br \/>\n<\/a><\/p>\n<p><a href=\"http:\/\/bravehearts-institute.org\/social-action\/filmverleih\/kinotermine\/\">Termine<\/a><\/p>\n<p><a href=\"http:\/\/bravehearts-institute.org\/social-action\/filmverleih\/who-cares\/i-care\/\" target=\"_blank\">&#8220;I care!&#8221; &#8211; die Kampagne<\/a>[\/vc_column_text]\t\t<section class=\"testimonials testimonials-4769 \" data-delay=0>\r\n        \t<div class=\"section-inner\">\r\n                <div class=\"testimonial-carousel owl-carousel is-carousel single-carousel\"  >\r\n                    \t\t<div class=\"carousel-item testimonial-item-8022\">\r\n            <div class=\"testimonial-item text-center\">\r\n                <p class=\"minion\"><br \/>\naufschlussreich und anregend<\/p>\n<p><\/p>\r\n                <div class=\"media professor\">\r\n                \t                    <div class=\"media-body\">\r\n                        <h6 class=\"media-heading main-color-2\">artechock<\/h6>\r\n                        <span><\/span>\r\n                    <\/div>\r\n                <\/div>\r\n            <\/div>\r\n        <\/div><!--\/carousel-item-->\r\n\t\t\t<div class=\"carousel-item testimonial-item-6177\">\r\n            <div class=\"testimonial-item text-center\">\r\n                <p class=\"minion\"><br \/>\nEin Film f\u00fcr Menschen, die die Welt ver\u00e4ndern m\u00f6chten.<\/p>\n<p><\/p>\r\n                <div class=\"media professor\">\r\n                \t                    <div class=\"media-body\">\r\n                        <h6 class=\"media-heading main-color-2\">Hamburger Abendblatt<\/h6>\r\n                        <span><\/span>\r\n                    <\/div>\r\n                <\/div>\r\n            <\/div>\r\n        <\/div><!--\/carousel-item-->\r\n\t\t\t<div class=\"carousel-item testimonial-item-1778\">\r\n            <div class=\"testimonial-item text-center\">\r\n                <p class=\"minion\"><\/p>\n<p>Aufr\u00fcttelnde Doku<\/p>\n<p><\/p>\r\n                <div class=\"media professor\">\r\n                \t                    <div class=\"media-body\">\r\n                        <h6 class=\"media-heading main-color-2\">Hamburger Morgenpost<\/h6>\r\n                        <span><\/span>\r\n                    <\/div>\r\n                <\/div>\r\n            <\/div>\r\n        <\/div><!--\/carousel-item-->\r\n\t\t\t<div class=\"carousel-item testimonial-item-3968\">\r\n            <div class=\"testimonial-item text-center\">\r\n                <p class=\"minion\">Der Dokumentarfilm zeigt alternative Lebensentw\u00fcrfe und regt den Zuschauer dazu an, den Blick &#8211; fernab von dem Wunsch nach mehr Geld, Besitz, Erfolg oder Macht &#8211; auf wirklich grundlegende Bed\u00fcrfnisse und Dinge zu richten. Er fordert auf, sich zu fragen, was es bedeutet, ein Mensch neben vielen anderen auf<br \/>\ndieser Welt zu sein und ob uns allen nicht vielleicht doch ein wenig mehr Verantwortungsbewusstsein gut tun w\u00fcrde.<\/p>\r\n                <div class=\"media professor\">\r\n                \t                    <div class=\"media-body\">\r\n                        <h6 class=\"media-heading main-color-2\">kino-zeit.de<\/h6>\r\n                        <span><\/span>\r\n                    <\/div>\r\n                <\/div>\r\n            <\/div>\r\n        <\/div><!--\/carousel-item-->\r\n\t\t\t<div class=\"carousel-item testimonial-item-6701\">\r\n            <div class=\"testimonial-item text-center\">\r\n                <p class=\"minion\"><\/p>\n<p>Der Film ist eine Inspiration f\u00fcr jeden, der von einer Ver\u00e4nderung in seinem Leben tr\u00e4umt und in seinem Beruf nach einem wahren Sinn sucht.<\/p>\n<p><\/p>\r\n                <div class=\"media professor\">\r\n                \t                    <div class=\"media-body\">\r\n                        <h6 class=\"media-heading main-color-2\">kino.de<\/h6>\r\n                        <span><\/span>\r\n                    <\/div>\r\n                <\/div>\r\n            <\/div>\r\n        <\/div><!--\/carousel-item-->\r\n\t                <\/div>\r\n            <\/div>\r\n        <\/section><!--\/testimonial-->\r\n\t[vc_gallery type=&#8221;image_grid&#8221; images=&#8221;3098,3107,3588,3589,3590,3591,3592,3593&#8243;][\/vc_column][\/vc_row]<\/p>\n<\/div>","protected":false},"excerpt":{"rendered":"<p>[vc_row][vc_column][vc_video link=&#8221;https:\/\/www.youtube.com\/watch?v=iocJCUixWhw&#8221;][vc_btn title=&#8221;DVD kaufen&#8221; color=&#8221;green&#8221; align=&#8221;left&#8221; link=&#8221;url:http%3A%2F%2Fbravehearts-institute.org%2Fshop%2Fwho-cares-dumachst-den-unterschied%2F||target:%20_blank&#8221;][vc_column_text]Brasilien 2013 \/ 92 Minuten \/ Dokumentarfilm \/ Portugiesisch, Englisch, Spanisch mit deutschen Untertiteln Regie: Mara Mour\u00e3o Kriege, Unterdr\u00fcckung, Klimawandel, Armut, Finanzkrise, Isolation und Einsamkeit. Wir kennen die Probleme. Wir haben sie h\u00e4ufig genug in den Medien oder mit unseren eigenen Augen gesehen. Wichtige Filme wurden dar\u00fcber gedreht. Jetzt [&hellip;]<\/p>\n","protected":false},"author":5,"featured_media":3586,"parent":3332,"menu_order":0,"comment_status":"closed","ping_status":"closed","template":"","meta":{"footnotes":""},"class_list":["post-3585","page","type-page","status-publish","has-post-thumbnail","hentry"],"translation":{"provider":"WPGlobus","version":"3.0.0","language":"en","enabled_languages":["de","en"],"languages":{"de":{"title":true,"content":true,"excerpt":false},"en":{"title":false,"content":false,"excerpt":false}}},"_links":{"self":[{"href":"https:\/\/bravehearts-institute.org\/en\/wp-json\/wp\/v2\/pages\/3585","targetHints":{"allow":["GET"]}}],"collection":[{"href":"https:\/\/bravehearts-institute.org\/en\/wp-json\/wp\/v2\/pages"}],"about":[{"href":"https:\/\/bravehearts-institute.org\/en\/wp-json\/wp\/v2\/types\/page"}],"author":[{"embeddable":true,"href":"https:\/\/bravehearts-institute.org\/en\/wp-json\/wp\/v2\/users\/5"}],"replies":[{"embeddable":true,"href":"https:\/\/bravehearts-institute.org\/en\/wp-json\/wp\/v2\/comments?post=3585"}],"version-history":[{"count":0,"href":"https:\/\/bravehearts-institute.org\/en\/wp-json\/wp\/v2\/pages\/3585\/revisions"}],"up":[{"embeddable":true,"href":"https:\/\/bravehearts-institute.org\/en\/wp-json\/wp\/v2\/pages\/3332"}],"wp:featuredmedia":[{"embeddable":true,"href":"https:\/\/bravehearts-institute.org\/en\/wp-json\/wp\/v2\/media\/3586"}],"wp:attachment":[{"href":"https:\/\/bravehearts-institute.org\/en\/wp-json\/wp\/v2\/media?parent=3585"}],"curies":[{"name":"wp","href":"https:\/\/api.w.org\/{rel}","templated":true}]}}