{"id":3601,"date":"2016-01-11T19:23:05","date_gmt":"2016-01-11T18:23:05","guid":{"rendered":"http:\/\/bravehearts-institute.org\/?page_id=3601"},"modified":"2016-03-04T15:30:19","modified_gmt":"2016-03-04T14:30:19","slug":"die-oekonomie-des-gluecks","status":"publish","type":"page","link":"https:\/\/bravehearts-institute.org\/en\/social-action\/filmverleih\/die-oekonomie-des-gluecks\/","title":{"rendered":"Die \u00d6konomie des Gl\u00fccks"},"content":{"rendered":"<div class=\"wpb-content-wrapper\"><p>[vc_row][vc_column][vc_video link=&#8221;https:\/\/www.youtube.com\/watch?v=bNt_gWE4Xko&#8221;][vc_btn title=&#8221;DVD kaufen&#8221; color=&#8221;green&#8221; link=&#8221;url:http%3A%2F%2Fbravehearts-institute.org%2Fshop%2Fdie-oekonomie-des-gluecks%2F||target:%20_blank&#8221;][vc_column_text]Gro\u00dfbritannien 2012 \/ 68 Minuten \/ Dokumentarfilm \/ Englisch mit deutschen Untertiteln<\/p>\n<p>Regie: Helena Norberg-Hodge, Steven Gorelick, John Page<\/p>\n<p>Wirtschaftliche Globalisierung hat zu massiver Expansion und Machterweiterung von Gro\u00dfunternehmen und Banken gef\u00fchrt. Dadurch wurden die Probleme versch\u00e4rft, mit denen wir heute konfrontiert sind: Fundamentalismus und ethnische Konflikte; Klimakatastrophe und Artensterben; finanzielle Unsicherheit und Arbeitslosigkeit. Eine weitere Problematik sind die zunehmend individuellen Kosten. Immer mehr Menschen sind Stressfaktoren ausgesetzt. Durch steigenden Druck der Arbeit verbringen wir weniger Zeit mit Familie und Freunden.<br class=\"clear\" \/><br class=\"clear\" \/>Die Dokumentation \u201eDie \u00d6konomie des Gl\u00fccks\u201c zeigt eine Welt, die sich in zwei gegens\u00e4tzliche Richtungen entwickelt. Einerseits werben Regierungen und Gro\u00dfindustrie f\u00fcr die Globalisierung und Verfestigung der Macht der Konzerne, w\u00e4hrend sich andererseits Menschen weltweit mit einer Forderung nach Re-Regulierung von Handel und Finanzen dieser Politik widersetzen. Entgegen den alten Machtinstitutionen sind sie dabei eine neue, andere Zukunft zu schmieden. Sie kommen zusammen um ein neues, auf Menschlichkeit und \u00f6kologischer Wirtschaft basierendes Paradigma zu schaffen \u2013 hin zu einer lokalen \u00d6konomie.<br class=\"clear\" \/><br class=\"clear\" \/>Der Film zeigt wie Globalisierung kulturelle Selbstverleugnung, Konkurrenz und Spaltung verursacht; strukturell das Wachsen von Slums und st\u00e4dtische Ballungsr\u00e4ume f\u00f6rdert und Demokratie schw\u00e4cht. Durch den globalen Handel entsteht eine enorme Verschwendung: \u00c4pfel aus Gro\u00dfbritannien werden zum Waschen und Wachsen nach S\u00fcdafrika und zum Verkauf wieder zur\u00fcck in britische Superm\u00e4rkte geschickt; vor den K\u00fcsten Amerikas gefangener Thunfisch wird zur Verarbeitung nach Japan und anschlie\u00dfend wieder nach Amerika geflogen. Es gibt Berichte \u00fcber Selbstmorde indischer Bauern und vom Tod l\u00e4ndlicher Kulturen in allen Teilen der Erde.<br class=\"clear\" \/><br class=\"clear\" \/>Die zweite H\u00e4lfte der \u201e\u00d6konomie des Gl\u00fccks\u201c bietet neben Inspiration auch praktische L\u00f6sungen. Davon ausgehend, dass die wirtschaftliche Regionalisierung eine strategische L\u00f6sung f\u00fcr unsere Probleme bedeuten kann, nennt der Film die politischen Ver\u00e4nderungen, die f\u00fcr das Bestehen und Gedeihen lokalen Wirtschaftens n\u00f6tig sind. Es werden Gemeinschaftsinitiativen vorgestellt, die sich f\u00fcr eine Agenda der Regionalisierung einsetzen, wie z.B. st\u00e4dtische G\u00e4rten in Detroit, Michigan und die Transition Town-Bewegung in Totnes, Gro\u00dfbritannien. Es werden die Erfolge von Bewegungen aufgezeigt, die sich f\u00fcr eine R\u00fcckbesinnung auf lokal angebaute Lebensmittel, biologische Vielfalt, Gemeinschaft und Wirtschaft weltweit einsetzen. Auch Via Campesina, mit mehr als 400 Millionen Mitgliedern die gr\u00f6\u00dfte soziale Bewegung der Welt, wird vorgestellt.<br \/>\n<br class=\"clear\" \/>Wir h\u00f6ren Stimmen aus den sechs Kontinenten u.a. von Vandana Shiva, Bill McKibben, David Korten, Samdhong Rinpoche, Helena Norberg-Hodge, Michael Shuman, Zac Goldsmith and Keibo Oiwa. Sie alle sagen, dass uns der Klimawandel und das \u00d6lf\u00f6rdermaximum (peak oil) uns keine Wahl lassen: Wir m\u00fcssen wieder lokal wirtschaften. Die gute Nachricht ist, dass wir auf diese Art nicht nur die Erde retten, sondern auch unser Wohlbefinden wiedererlangen k\u00f6nnen. \u201eDie \u00d6konomie des Gl\u00fccks\u201c st\u00e4rkt unseren Glauben an die Menschlichkeit und fordert uns heraus im Glauben daran, dass eine bessere Welt m\u00f6glich ist.<\/p>\n<div id=\"stcpDiv\"><br class=\"clear\" \/>F\u00fcr Schulvorstellungen von &#8220;Die \u00d6konomie des Gl\u00fccks&#8221; steht kostenloses Begleitmaterial\u00a0zur Verf\u00fcgung. <a href=\"http:\/\/bravehearts-institute.org\/wp-content\/uploads\/2015\/08\/Unterrichtsmaterial-Die-Oekonomie-des-Gluecks.pdf\" target=\"_blank\">&gt;&gt;\u00a0Download<\/a><br \/>\n<br class=\"clear\" \/>Weitere Informationen zum Film finden Sie im Presseheft. <a href=\"http:\/\/bravehearts-institute.org\/wp-content\/uploads\/2016\/01\/Presseheft_\u00d6konomie-des-Gl\u00fccks_BraveHearts.pdf\" rel=\"\">&gt;&gt; Download<\/a><\/div>\n<p>[\/vc_column_text]\t\t<section class=\"testimonials testimonials-7485 \" data-delay=0>\r\n        \t<div class=\"section-inner\">\r\n                <div class=\"testimonial-carousel owl-carousel is-carousel single-carousel\"  >\r\n                    \t\t<div class=\"carousel-item testimonial-item-5340\">\r\n            <div class=\"testimonial-item text-center\">\r\n                <p class=\"minion\"><\/p>\n<p>Wem die Zukunft unseres Planeten am Herzen liegt, der muss diesen Film sehen.<\/p>\n<p><\/p>\r\n                <div class=\"media professor\">\r\n                \t                    <div class=\"media-body\">\r\n                        <h6 class=\"media-heading main-color-2\">Zac Goldsmith, Abgeordneter des britischen Parlaments.<\/h6>\r\n                        <span><\/span>\r\n                    <\/div>\r\n                <\/div>\r\n            <\/div>\r\n        <\/div><!--\/carousel-item-->\r\n\t                <\/div>\r\n            <\/div>\r\n        <\/section><!--\/testimonial-->\r\n\t[vc_gallery type=&#8221;image_grid&#8221; images=&#8221;3233,3231,3230,3229&#8243;][\/vc_column][\/vc_row]<\/p>\n<\/div>","protected":false},"excerpt":{"rendered":"<p>[vc_row][vc_column][vc_video link=&#8221;https:\/\/www.youtube.com\/watch?v=bNt_gWE4Xko&#8221;][vc_btn title=&#8221;DVD kaufen&#8221; color=&#8221;green&#8221; link=&#8221;url:http%3A%2F%2Fbravehearts-institute.org%2Fshop%2Fdie-oekonomie-des-gluecks%2F||target:%20_blank&#8221;][vc_column_text]Gro\u00dfbritannien 2012 \/ 68 Minuten \/ Dokumentarfilm \/ Englisch mit deutschen Untertiteln Regie: Helena Norberg-Hodge, Steven Gorelick, John Page Wirtschaftliche Globalisierung hat zu massiver Expansion und Machterweiterung von Gro\u00dfunternehmen und Banken gef\u00fchrt. Dadurch wurden die Probleme versch\u00e4rft, mit denen wir heute konfrontiert sind: Fundamentalismus und ethnische Konflikte; Klimakatastrophe und Artensterben; [&hellip;]<\/p>\n","protected":false},"author":5,"featured_media":3226,"parent":3332,"menu_order":0,"comment_status":"closed","ping_status":"closed","template":"","meta":{"footnotes":""},"class_list":["post-3601","page","type-page","status-publish","has-post-thumbnail","hentry"],"translation":{"provider":"WPGlobus","version":"3.0.0","language":"en","enabled_languages":["de","en"],"languages":{"de":{"title":true,"content":true,"excerpt":false},"en":{"title":false,"content":false,"excerpt":false}}},"_links":{"self":[{"href":"https:\/\/bravehearts-institute.org\/en\/wp-json\/wp\/v2\/pages\/3601","targetHints":{"allow":["GET"]}}],"collection":[{"href":"https:\/\/bravehearts-institute.org\/en\/wp-json\/wp\/v2\/pages"}],"about":[{"href":"https:\/\/bravehearts-institute.org\/en\/wp-json\/wp\/v2\/types\/page"}],"author":[{"embeddable":true,"href":"https:\/\/bravehearts-institute.org\/en\/wp-json\/wp\/v2\/users\/5"}],"replies":[{"embeddable":true,"href":"https:\/\/bravehearts-institute.org\/en\/wp-json\/wp\/v2\/comments?post=3601"}],"version-history":[{"count":0,"href":"https:\/\/bravehearts-institute.org\/en\/wp-json\/wp\/v2\/pages\/3601\/revisions"}],"up":[{"embeddable":true,"href":"https:\/\/bravehearts-institute.org\/en\/wp-json\/wp\/v2\/pages\/3332"}],"wp:featuredmedia":[{"embeddable":true,"href":"https:\/\/bravehearts-institute.org\/en\/wp-json\/wp\/v2\/media\/3226"}],"wp:attachment":[{"href":"https:\/\/bravehearts-institute.org\/en\/wp-json\/wp\/v2\/media?parent=3601"}],"curies":[{"name":"wp","href":"https:\/\/api.w.org\/{rel}","templated":true}]}}