{"id":3756,"date":"2016-02-18T15:46:12","date_gmt":"2016-02-18T14:46:12","guid":{"rendered":"http:\/\/bravehearts-institute.org\/?page_id=3756"},"modified":"2016-03-07T11:58:38","modified_gmt":"2016-03-07T10:58:38","slug":"social-action","status":"publish","type":"page","link":"https:\/\/bravehearts-institute.org\/en\/social-action\/","title":{"rendered":"Social Action"},"content":{"rendered":"<div class=\"wpb-content-wrapper\"><p>[vc_row][vc_column][vc_column_text]<\/p>\n<div id=\"stcpDiv\">\n<p>Unternehmen der Zukunft maximieren nicht den Gewinn sondern das Gemeinwohl. Das bedeutet idealerweise, dass Unternehmen folgende Kriterien erf\u00fcllen:<\/p>\n<ol>\n<li>Sie st\u00e4rken die lokale Wirtschaft, indem sie m\u00f6glichst viele lokale Arbeitspl\u00e4tze schaffen und indem die Produkte, die sie anbieten, m\u00f6glichst weitgehend lokal hergestellt werden<\/li>\n<li>Sie sch\u00fctzen die Umwelt, indem sie keine umweltbelastenden Produkte anbieten und m\u00f6glichst umweltschonend operieren<\/li>\n<li>Sie bieten besondere Vorteile f\u00fcr sozial Schw\u00e4chere \u2013 entweder \u00fcber ihr Produkt- und Leistungsangebot oder \u00fcber ihre Preispolitik<\/li>\n<li>Sie st\u00e4rken Bewusstsein, Kultur, Toleranz und den lokale Gemeinschaftssinn<\/li>\n<li>Sie sind transparent in ihrer \u00d6ffentlichkeitspolitik und sind bereit, Gewinn und Knowhow zu teilen (wie z.B. in einer Genossenschaft)<\/li>\n<\/ol>\n<p>BraveHearts International ist in seiner Gesamtheit als &#8220;Social Business&#8221; konzipiert. Wir entwickeln Gesch\u00e4ftsmodelle f\u00fcr &#8220;Social Businesses&#8221; und setzen einzelne davon &#8211; die, bei denen wir besonderes Knowhow haben &#8211; selber in die Tat um.<\/p>\n<p>Der <a href=\"http:\/\/bravehearts-institute.org\/social-action\/filmverleih\/\">BraveHearts Filmverleih<\/a> ist unser erstes Social Business, und auch die <a href=\"http:\/\/bravehearts-institute.org\/kurs-uberblick\/\">F\u00fchrungsworkshops<\/a> betrachten wir als ein &#8220;Social Business&#8221;. Unser Kernziel ist es, sozial engagierte Menschen, Organisationen und Aktivit\u00e4ten zu f\u00f6rdern. \u201eSocial Business\u201c hei\u00dft, dass wir dies so machen, dass sich unsere Organisation dabei selber tr\u00e4gt.<\/p>\n<\/div>\n<p>[\/vc_column_text][\/vc_column][\/vc_row][vc_row][vc_column][vc_posts_slider count=&#8221;3&#8243; interval=&#8221;3&#8243; slides_content=&#8221;teaser&#8221; slides_title=&#8221;1&#8243; thumb_size=&#8221;small&#8221; posttypes=&#8221;page&#8221; posts_in=&#8221;3332, 3968&#8243;][\/vc_column][\/vc_row]<\/p>\n<\/div>","protected":false},"excerpt":{"rendered":"<p>[vc_row][vc_column][vc_column_text] Unternehmen der Zukunft maximieren nicht den Gewinn sondern das Gemeinwohl. Das bedeutet idealerweise, dass Unternehmen folgende Kriterien erf\u00fcllen: Sie st\u00e4rken die lokale Wirtschaft, indem sie m\u00f6glichst viele lokale Arbeitspl\u00e4tze schaffen und indem die Produkte, die sie anbieten, m\u00f6glichst weitgehend lokal hergestellt werden Sie sch\u00fctzen die Umwelt, indem sie keine umweltbelastenden Produkte anbieten und m\u00f6glichst [&hellip;]<\/p>\n","protected":false},"author":5,"featured_media":0,"parent":0,"menu_order":0,"comment_status":"closed","ping_status":"closed","template":"","meta":{"footnotes":""},"class_list":["post-3756","page","type-page","status-publish","hentry"],"translation":{"provider":"WPGlobus","version":"3.0.0","language":"en","enabled_languages":["de","en"],"languages":{"de":{"title":true,"content":true,"excerpt":false},"en":{"title":true,"content":false,"excerpt":false}}},"_links":{"self":[{"href":"https:\/\/bravehearts-institute.org\/en\/wp-json\/wp\/v2\/pages\/3756","targetHints":{"allow":["GET"]}}],"collection":[{"href":"https:\/\/bravehearts-institute.org\/en\/wp-json\/wp\/v2\/pages"}],"about":[{"href":"https:\/\/bravehearts-institute.org\/en\/wp-json\/wp\/v2\/types\/page"}],"author":[{"embeddable":true,"href":"https:\/\/bravehearts-institute.org\/en\/wp-json\/wp\/v2\/users\/5"}],"replies":[{"embeddable":true,"href":"https:\/\/bravehearts-institute.org\/en\/wp-json\/wp\/v2\/comments?post=3756"}],"version-history":[{"count":0,"href":"https:\/\/bravehearts-institute.org\/en\/wp-json\/wp\/v2\/pages\/3756\/revisions"}],"wp:attachment":[{"href":"https:\/\/bravehearts-institute.org\/en\/wp-json\/wp\/v2\/media?parent=3756"}],"curies":[{"name":"wp","href":"https:\/\/api.w.org\/{rel}","templated":true}]}}