{"id":3862,"date":"2016-02-24T18:02:00","date_gmt":"2016-02-24T17:02:00","guid":{"rendered":"http:\/\/bravehearts-institute.org\/?page_id=3862"},"modified":"2016-02-25T16:01:21","modified_gmt":"2016-02-25T15:01:21","slug":"i-care","status":"publish","type":"page","link":"https:\/\/bravehearts-institute.org\/en\/social-action\/filmverleih\/who-cares\/i-care\/","title":{"rendered":"&#8220;Who cares?&#8221; &#8211; &#8220;I care!&#8221;, die Kampagne"},"content":{"rendered":"<div class=\"wpb-content-wrapper\"><div id=\"stcpDiv\">\n<p><strong>Gemeinsam mit der GLS-Bank, Vaude, Forum Nachhaltig Wirtschaften, Ashoka und der Stiftung B\u00fcrgermut pr\u00e4sentieren wir die Kampagne &#8220;I care!&#8221;, bei der deutschlandweit Veranstaltungen rund um die Themen Sozialunternehmertum und Nachbarschaftsengagement stattfinden \u2013 und zwar gemeinschaftlich organisiert mit lokalen B\u00fcrgerinitiativen, Aktivisten und Sozialunternehmern. <\/strong><\/p>\n<p>Der Schwerpunkt unseres Filmverleihs liegt auf Dokumentarfilmen, die soziale Probleme in den Vordergrund stellen und L\u00f6sungsans\u00e4tze anbieten.<\/p>\n<p>Die Themen mit denen wir uns bisher auseinandergesetzt haben sind Globalisierung\/lokale Wirtschaft (<a href=\"http:\/\/bravehearts-institute.org\/social-action\/filmverleih\/die-oekonomie-des-gluecks\/\" target=\"_blank\">Die \u00d6konomie des Gl\u00fccks<\/a>) und Migration\/Menschenrechte (<a href=\"http:\/\/bravehearts-institute.org\/social-action\/filmverleih\/der-imker\/\" target=\"_blank\">Der Imker<\/a>).<\/p>\n<p>Allerdings haben wir die Erfahrung gemacht, dass es nicht reicht, Filme nur im Kino zu zeigen. Die Zuschauer sollen sich umfassend mit dem Thema auseinandersetzen k\u00f6nnen und konkrete M\u00f6glichkeiten zum pers\u00f6nlichen Engagement angeboten bekommen. Das wollen wir mit der Kampagne <strong>\u201eI care!\u201c<\/strong> erreichen.<\/p>\n<p>Kern der Kampagne sind die zwei Dokumentarfilme <strong>\u201e<\/strong><a href=\"http:\/\/bravehearts-institute.org\/social-action\/filmverleih\/who-cares\/\" target=\"_blank\"><strong>Who cares? \u2013 Du machst den Unterschied<\/strong><\/a><strong>\u201c<\/strong>, ein inspirierender Film \u00fcber weltweites Sozialunternehmertum, und <strong>\u201e<\/strong><a href=\"http:\/\/bravehearts-institute.org\/social-action\/filmverleih\/der-grosse-demokrator\/\" target=\"_blank\"><strong>Der gro\u00dfe Demokrator<\/strong><\/a><strong>\u201c<\/strong>, ein tragikomischer Blick auf das Thema B\u00fcrgerbeteiligung.<\/p>\n<p><strong>Unser \u201eI care!\u201c-Partnernetzwerk:<\/strong><\/p>\n<p>Zusammen mit unseren Mitstreitern in den einzelnen St\u00e4dten haben wir bereits viele interessante Events auf die Beine gestellt.<\/p>\n<p>[\/vc_column_text][\/vc_column][\/vc_row][vc_row][vc_column width=&#8221;1\/2&#8243;][vc_column_text]Unser <strong>Hauptsponsor<\/strong>:<\/p>\n<p>Die <a href=\"http:\/\/web.archive.org\/web\/20150810152730\/https:\/\/www.gls.de\/privatkunden\/\">GLS-Bank<\/a><\/p>\n<p>Unsere bundesweiten <strong>Unterst\u00fctzer<\/strong>:<\/p>\n<table border=\"0\" width=\"284\" cellspacing=\"0\" cellpadding=\"0\">\n<tbody>\n<tr>\n<td nowrap=\"nowrap\"><a href=\"http:\/\/web.archive.org\/web\/20150810152730\/http:\/\/germany.ashoka.org\/\">Ashoka<\/a><\/td>\n<\/tr>\n<tr>\n<td nowrap=\"nowrap\"><a href=\"http:\/\/web.archive.org\/web\/20150810152730\/http:\/\/enorm-magazin.de\/\">Enorm<\/a><\/td>\n<\/tr>\n<tr>\n<td nowrap=\"nowrap\"><a href=\"http:\/\/web.archive.org\/web\/20150810152730\/http:\/\/www.nachhaltigwirtschaften.net\/scripts\/basics\/eco-world\/wirtschaft\/basics.prg\">Forum Nachhaltig Wirtschaften<\/a><\/td>\n<\/tr>\n<tr>\n<td nowrap=\"nowrap\"><a href=\"http:\/\/web.archive.org\/web\/20150810152730\/http:\/\/www.ruth-cohn-institute.com\/\">Ruth Cohn-Institut<\/a><\/td>\n<\/tr>\n<tr>\n<td nowrap=\"nowrap\"><a href=\"http:\/\/web.archive.org\/web\/20150810152730\/http:\/\/www.buergermut.de\/\">Stiftung B\u00fcrgermut<\/a><\/td>\n<\/tr>\n<tr>\n<td nowrap=\"nowrap\"><a href=\"http:\/\/web.archive.org\/web\/20150810152730\/http:\/\/www.mitarbeit.de\/\">Stiftung Mitarbeit<\/a><\/td>\n<\/tr>\n<tr>\n<td nowrap=\"nowrap\"><a href=\"http:\/\/web.archive.org\/web\/20150810152730\/http:\/\/www.vaude.com\/\">Vaude<\/a><\/td>\n<\/tr>\n<\/tbody>\n<\/table>\n<p>Und das sind unsere lokalen und regionalen <strong>Partner<\/strong>:<\/p>\n<table border=\"0\" width=\"367\" cellspacing=\"0\" cellpadding=\"0\">\n<tbody>\n<tr>\n<td><strong>Berlin<\/strong><\/td>\n<td><a href=\"http:\/\/web.archive.org\/web\/20150810152730\/http:\/\/yesilcember.eu\/de\">Ye\u015fil \u00c7ember<\/a><\/td>\n<\/tr>\n<tr>\n<td><\/td>\n<td><a href=\"http:\/\/web.archive.org\/web\/20150810152730\/http:\/\/www.cabuwazi.de\/\">Cabuwazi<\/a><\/td>\n<\/tr>\n<tr>\n<td><\/td>\n<td><a href=\"http:\/\/web.archive.org\/web\/20150810152730\/https:\/\/www.gls.de\/privatkunden\/\">GLS-Bank<\/a><\/td>\n<\/tr>\n<tr>\n<td><\/td>\n<td><a href=\"http:\/\/web.archive.org\/web\/20150810152730\/http:\/\/www.kungerkiez.de\/\">KungerKiez Initiative<\/a><\/td>\n<\/tr>\n<tr>\n<td><\/td>\n<td><a href=\"http:\/\/web.archive.org\/web\/20150810152730\/http:\/\/berlin.socialimpactlab.eu\/\">Social Impact Lab Berlin<\/a><\/td>\n<\/tr>\n<tr>\n<td><\/td>\n<td><a href=\"http:\/\/web.archive.org\/web\/20150810152730\/http:\/\/www.sternenfischer.org\/\">Sternenfischer<\/a><\/td>\n<\/tr>\n<tr>\n<td><\/td>\n<td><\/td>\n<\/tr>\n<tr>\n<td><strong>Dresden<\/strong><\/td>\n<td><a href=\"http:\/\/web.archive.org\/web\/20150810152730\/http:\/\/www.dresdner-agenda21.de\/\">Agenda 21<\/a><\/td>\n<\/tr>\n<tr>\n<td><\/td>\n<td><a href=\"http:\/\/web.archive.org\/web\/20150810152730\/http:\/\/www.dresden-im-wandel.de\/\">Transition Town Dresden<\/a><\/td>\n<\/tr>\n<tr>\n<td><\/td>\n<td><a href=\"http:\/\/web.archive.org\/web\/20150810152730\/http:\/\/www.umundu.de\/\">Umundu<\/a><\/td>\n<\/tr>\n<tr>\n<td><\/td>\n<td><\/td>\n<\/tr>\n<tr>\n<td><strong>F\u00fcrth<\/strong><\/td>\n<td><a href=\"http:\/\/web.archive.org\/web\/20150810152730\/http:\/\/www.myoma.de\/\">myOma.de<\/a><\/td>\n<\/tr>\n<tr>\n<td><\/td>\n<td><\/td>\n<\/tr>\n<tr>\n<td><strong>Frankfurt<\/strong><\/td>\n<td><a href=\"http:\/\/web.archive.org\/web\/20150810152730\/https:\/\/bettervest.de\/\">Bettervest<\/a><\/td>\n<\/tr>\n<tr>\n<td><\/td>\n<td><a href=\"http:\/\/web.archive.org\/web\/20150810152730\/http:\/\/buerger-ag-frm.de\/\">B\u00fcrger AG<\/a><\/td>\n<\/tr>\n<tr>\n<td><\/td>\n<td><a href=\"http:\/\/web.archive.org\/web\/20150810152730\/http:\/\/www.calebshill.de\/\">Caleb\u00b4s Hill<\/a><\/td>\n<\/tr>\n<tr>\n<td><\/td>\n<td><a href=\"http:\/\/web.archive.org\/web\/20150810152730\/http:\/\/lustaufbesserleben.de\/\">Labl.FRANKFURT<\/a><\/td>\n<\/tr>\n<tr>\n<td><\/td>\n<td><a href=\"http:\/\/web.archive.org\/web\/20150810152730\/http:\/\/we.makesense.org\/?cat=186\">MakeSense<\/a><\/td>\n<\/tr>\n<tr>\n<td><\/td>\n<td><a href=\"http:\/\/web.archive.org\/web\/20150810152730\/http:\/\/www.monagoo.com\/mng\/monagoo-ist-kfw-gefoerderter-andersgruender-im-social-impact-lab-frankfurt\/\">Monagoo<\/a><\/td>\n<\/tr>\n<tr>\n<td><\/td>\n<td><a href=\"http:\/\/web.archive.org\/web\/20150810152730\/http:\/\/frankfurt.socialimpactlab.eu\/\">Social Impact Lab Frankfurt<\/a><\/td>\n<\/tr>\n<tr>\n<td><\/td>\n<td><\/td>\n<\/tr>\n<tr>\n<td><strong>Hamburg<\/strong><\/td>\n<td><a href=\"http:\/\/web.archive.org\/web\/20150810152730\/http:\/\/www.das-macht-schule.net\/\">Das macht Schule<\/a><\/td>\n<\/tr>\n<tr>\n<td><\/td>\n<td><a href=\"http:\/\/web.archive.org\/web\/20150810152730\/http:\/\/www.dialogue-se.com\/\">Dialogue Social Enterprise<\/a><\/td>\n<\/tr>\n<tr>\n<td><\/td>\n<td><a href=\"http:\/\/web.archive.org\/web\/20150810152730\/http:\/\/www.goodevents.info\/landingpage\/index.php\">GoodEvents<\/a><\/td>\n<\/tr>\n<tr>\n<td><\/td>\n<td><a href=\"http:\/\/web.archive.org\/web\/20150810152730\/http:\/\/www.hundebande.org\/\">Hundebande<\/a><\/td>\n<\/tr>\n<tr>\n<td><\/td>\n<td><a href=\"http:\/\/web.archive.org\/web\/20150810152730\/http:\/\/www.morethanshelters.com\/\">morethanshelters<\/a><\/td>\n<\/tr>\n<tr>\n<td><\/td>\n<td><a href=\"http:\/\/web.archive.org\/web\/20150810152730\/http:\/\/www.rockyourlife.de\/\">ROCK YOUR LIFE!<\/a><\/td>\n<\/tr>\n<tr>\n<td><\/td>\n<td><\/td>\n<\/tr>\n<tr>\n<td><strong>Hannover<\/strong><\/td>\n<td><a href=\"http:\/\/web.archive.org\/web\/20150810152730\/http:\/\/www.arbeiterkind.de\/\">Arbeiterkind<\/a><\/td>\n<\/tr>\n<tr>\n<td><\/td>\n<td><a href=\"http:\/\/web.archive.org\/web\/20150810152730\/http:\/\/www.dialogmachtschule.de\/\">Dialog macht Schule<\/a><\/td>\n<\/tr>\n<tr>\n<td><\/td>\n<td><a href=\"http:\/\/web.archive.org\/web\/20150810152730\/http:\/\/enactus.de\/\">Enactus<\/a><\/td>\n<\/tr>\n<tr>\n<td><\/td>\n<td><a href=\"http:\/\/web.archive.org\/web\/20150810152730\/http:\/\/www.tauschen-ohne-geld.de\/tauschring-hannover\">Tauschring<\/a><\/td>\n<\/tr>\n<tr>\n<td><\/td>\n<td><a href=\"http:\/\/web.archive.org\/web\/20150810152730\/http:\/\/www.wwf-jugend.de\/community\/browse_blogs.php?t=749\">WWF Hochschulgruppe<\/a><\/td>\n<\/tr>\n<tr>\n<td><\/td>\n<td><\/td>\n<\/tr>\n<tr>\n<td><strong>K\u00f6ln<\/strong><\/td>\n<td><a href=\"http:\/\/web.archive.org\/web\/20150810152730\/http:\/\/www.wiwi.uni-wuppertal.de\/\">Bergische Universit\u00e4t Wuppertal<\/a><\/td>\n<\/tr>\n<tr>\n<td><\/td>\n<td><a href=\"http:\/\/web.archive.org\/web\/20150810152730\/https:\/\/www.betterplace.org\/de\/\">betterplace.org<\/a><\/td>\n<\/tr>\n<tr>\n<td><\/td>\n<td><a href=\"http:\/\/web.archive.org\/web\/20150810152730\/http:\/\/chancenwerk.de\/\">Chancenwerk e. V.<\/a><\/td>\n<\/tr>\n<tr>\n<td><\/td>\n<td><a href=\"http:\/\/web.archive.org\/web\/20150810152730\/http:\/\/www.gartenwerkstadt-ehrenfeld.de\/\">Gartenwerkstadt Ehrenfeld<\/a><\/td>\n<\/tr>\n<tr>\n<td><\/td>\n<td><a href=\"http:\/\/web.archive.org\/web\/20150810152730\/http:\/\/www.klima-sucht-schutz.de\/\">Klima sucht Schutz<\/a><\/td>\n<\/tr>\n<tr>\n<td><\/td>\n<td><a href=\"http:\/\/web.archive.org\/web\/20150810152730\/http:\/\/maschentausch.de\/\">Maschentausch<\/a><\/td>\n<\/tr>\n<tr>\n<td><\/td>\n<td><a href=\"http:\/\/web.archive.org\/web\/20150810152730\/http:\/\/www.jean-puetz.net\/\">Jean P\u00fctz<\/a><\/td>\n<\/tr>\n<tr>\n<td><\/td>\n<td><a href=\"http:\/\/web.archive.org\/web\/20150810152730\/http:\/\/www.tagdesgutenlebens.de\/\">Tag des Guten Lebens<\/a><\/td>\n<\/tr>\n<tr>\n<td><\/td>\n<td><\/td>\n<\/tr>\n<tr>\n<td><strong>Leipzig<\/strong><\/td>\n<td><a href=\"http:\/\/web.archive.org\/web\/20150810152730\/http:\/\/www.arbeiterkind.de\/\">ArbeiterKind<\/a><\/td>\n<\/tr>\n<tr>\n<td><\/td>\n<td><a href=\"http:\/\/web.archive.org\/web\/20150810152730\/http:\/\/www.irrsinnig-menschlich.de\/\">Irrsinnig Menschlich<\/a><\/td>\n<\/tr>\n<tr>\n<td><\/td>\n<td><a href=\"http:\/\/web.archive.org\/web\/20150810152730\/http:\/\/leipzig.socialimpactlab.eu\/\">Social Impact Lab Leipzig<\/a><\/td>\n<\/tr>\n<tr>\n<td><\/td>\n<td><\/td>\n<\/tr>\n<tr>\n<td><strong>M\u00fcnchen<\/strong><\/td>\n<td><a href=\"http:\/\/web.archive.org\/web\/20150810152730\/http:\/\/www.mfm-projekt.de\/\">MFM Projekt<\/a><\/td>\n<\/tr>\n<tr>\n<td><\/td>\n<td><a href=\"http:\/\/web.archive.org\/web\/20150810152730\/https:\/\/www.polarstern-energie.de\/\">Polarstern<\/a><\/td>\n<\/tr>\n<tr>\n<td><\/td>\n<td><a href=\"http:\/\/web.archive.org\/web\/20150810152730\/http:\/\/www.science-lab.de\/\">Science Lab<\/a><\/td>\n<\/tr>\n<tr>\n<td><\/td>\n<td><a href=\"http:\/\/web.archive.org\/web\/20150810152730\/http:\/\/www.seakademie.de\/\">Social Entrepreneurship Akademie<\/a><\/td>\n<\/tr>\n<tr>\n<td><\/td>\n<td><a href=\"http:\/\/web.archive.org\/web\/20150810152730\/http:\/\/www.verbavoice.de\/\">VerbaVoice<\/a><\/td>\n<\/tr>\n<tr>\n<td><\/td>\n<td><\/td>\n<\/tr>\n<tr>\n<td><strong>N\u00fcrnberg<\/strong><\/td>\n<td><a href=\"http:\/\/web.archive.org\/web\/20150810152730\/http:\/\/www.bluepingu.de\/\">Bluepingu<\/a><\/td>\n<\/tr>\n<tr>\n<td><\/td>\n<td><a href=\"http:\/\/web.archive.org\/web\/20150810152730\/http:\/\/www.lebensmittelretten.de\/\">Foodsharing\/Lebensmittelretten<\/a><\/td>\n<\/tr>\n<tr>\n<td><\/td>\n<td><a href=\"http:\/\/web.archive.org\/web\/20150810152730\/http:\/\/www.grosseltern-stiften-zukunft.de\/\">Gro\u00dfeltern stiften Zukunft<\/a><\/td>\n<\/tr>\n<tr>\n<td><\/td>\n<td><a href=\"http:\/\/web.archive.org\/web\/20150810152730\/http:\/\/primaverein.tumblr.com\/\">Prima e.V. <\/a><\/td>\n<\/tr>\n<\/tbody>\n<\/table>\n<p>[\/vc_column_text][\/vc_column][vc_column width=&#8221;1\/2&#8243;][vc_images_carousel images=&#8221;3884,3881,3866,3883,3882&#8243; img_size=&#8221;medium&#8221; autoplay=&#8221;yes&#8221; hide_pagination_control=&#8221;yes&#8221; hide_prev_next_buttons=&#8221;yes&#8221; wrap=&#8221;yes&#8221; title=&#8221;Berlin, Cabuwazi&#8221;][vc_images_carousel images=&#8221;3869,3868,3867&#8243; img_size=&#8221;medium&#8221; autoplay=&#8221;yes&#8221; hide_pagination_control=&#8221;yes&#8221; hide_prev_next_buttons=&#8221;yes&#8221; wrap=&#8221;yes&#8221; title=&#8221;Frankfurt, Orfeo\u00b4s Erben&#8221;][vc_images_carousel images=&#8221;3891,3890,3889,3888,3887,3886,3885,3875&#8243; img_size=&#8221;medium&#8221; autoplay=&#8221;yes&#8221; hide_pagination_control=&#8221;yes&#8221; hide_prev_next_buttons=&#8221;yes&#8221; wrap=&#8221;yes&#8221; title=&#8221;Hamburg, Abaton&#8221;][vc_images_carousel images=&#8221;3895,3894,3893,3892&#8243; img_size=&#8221;medium&#8221; autoplay=&#8221;yes&#8221; hide_pagination_control=&#8221;yes&#8221; hide_prev_next_buttons=&#8221;yes&#8221; wrap=&#8221;yes&#8221; title=&#8221;K\u00f6ln, Cinenova&#8221;][vc_images_carousel images=&#8221;3880,3879,3878,3877,3876&#8243; img_size=&#8221;medium&#8221; autoplay=&#8221;yes&#8221; hide_pagination_control=&#8221;yes&#8221; hide_prev_next_buttons=&#8221;yes&#8221; wrap=&#8221;yes&#8221; title=&#8221;M\u00fcnchen, Monopol&#8221;][\/vc_column][\/vc_row]<\/p>\n<\/div>\n<\/div>","protected":false},"excerpt":{"rendered":"<p>Gemeinsam mit der GLS-Bank, Vaude, Forum Nachhaltig Wirtschaften, Ashoka und der Stiftung B\u00fcrgermut pr\u00e4sentieren wir die Kampagne &#8220;I care!&#8221;, bei der deutschlandweit Veranstaltungen rund um die Themen Sozialunternehmertum und Nachbarschaftsengagement stattfinden \u2013 und zwar gemeinschaftlich organisiert mit lokalen B\u00fcrgerinitiativen, Aktivisten und Sozialunternehmern. Der Schwerpunkt unseres Filmverleihs liegt auf Dokumentarfilmen, die soziale Probleme in den Vordergrund [&hellip;]<\/p>\n","protected":false},"author":5,"featured_media":3918,"parent":3585,"menu_order":0,"comment_status":"closed","ping_status":"closed","template":"","meta":{"footnotes":""},"class_list":["post-3862","page","type-page","status-publish","has-post-thumbnail","hentry"],"translation":{"provider":"WPGlobus","version":"3.0.0","language":"en","enabled_languages":["de","en"],"languages":{"de":{"title":true,"content":true,"excerpt":false},"en":{"title":false,"content":false,"excerpt":false}}},"_links":{"self":[{"href":"https:\/\/bravehearts-institute.org\/en\/wp-json\/wp\/v2\/pages\/3862","targetHints":{"allow":["GET"]}}],"collection":[{"href":"https:\/\/bravehearts-institute.org\/en\/wp-json\/wp\/v2\/pages"}],"about":[{"href":"https:\/\/bravehearts-institute.org\/en\/wp-json\/wp\/v2\/types\/page"}],"author":[{"embeddable":true,"href":"https:\/\/bravehearts-institute.org\/en\/wp-json\/wp\/v2\/users\/5"}],"replies":[{"embeddable":true,"href":"https:\/\/bravehearts-institute.org\/en\/wp-json\/wp\/v2\/comments?post=3862"}],"version-history":[{"count":0,"href":"https:\/\/bravehearts-institute.org\/en\/wp-json\/wp\/v2\/pages\/3862\/revisions"}],"up":[{"embeddable":true,"href":"https:\/\/bravehearts-institute.org\/en\/wp-json\/wp\/v2\/pages\/3585"}],"wp:featuredmedia":[{"embeddable":true,"href":"https:\/\/bravehearts-institute.org\/en\/wp-json\/wp\/v2\/media\/3918"}],"wp:attachment":[{"href":"https:\/\/bravehearts-institute.org\/en\/wp-json\/wp\/v2\/media?parent=3862"}],"curies":[{"name":"wp","href":"https:\/\/api.w.org\/{rel}","templated":true}]}}