{"id":4005,"date":"2016-02-26T17:53:03","date_gmt":"2016-02-26T16:53:03","guid":{"rendered":"http:\/\/bravehearts-institute.org\/?page_id=4005"},"modified":"2016-02-26T17:53:18","modified_gmt":"2016-02-26T16:53:18","slug":"kampagne-flowers","status":"publish","type":"page","link":"https:\/\/bravehearts-institute.org\/en\/social-action\/filmverleih\/flowers-of-freedom\/kampagne-flowers\/","title":{"rendered":"&#8220;Wenn wir nichts tun, wer dann?&#8221;"},"content":{"rendered":"<div id=\"stcpDiv\">\n<p>Der\u00a0<strong>BraveHearts-Filmverleih\u00a0<\/strong>pr\u00e4sentiert die Kampagne<\/p>\n<p><strong>&#8220;Wenn wir nichts tun, wer dann?&#8221;<\/strong><\/p>\n<p>mit freundlicher Unterst\u00fctzung von <a href=\"http:\/\/www.unwomen.de\">UN Women Nationales Komitee Deutschland e. V.<\/a> und <a href=\"http:\/\/www.fairtrade-deutschland.de\/\">Faitrade Deutschland<\/a>. Medienpartner ist <a href=\"http:\/\/www.forum-csr.net\">Forum Nachhaltig Wirtschaften<\/a>.<\/p>\n<p><strong>Die Kampagne<\/strong><\/p>\n<p>Wir m\u00f6chten mit dieser Kampagne erreichen, dass sich mehr Menschen mit den M\u00f6glichkeiten auseinandersetzen, die jeder von uns hat, um diese Welt zu ver\u00e4ndern und einen allgemeinen Bewusstseinswandel herbeizuf\u00fchren. Menschen sollen dazu ermutigt werden, gemeinsam f\u00fcr ihre Rechte einzutreten.<\/p>\n<p>Um es mit den Worten von <strong>Emma Watson, Sonderbotschafterin von UN Women<\/strong>, zu sagen:<\/p>\n<p><strong>&#8220;Wer, wenn nicht wir? Wann, wenn nicht jetzt?&#8221;<\/strong><\/p>\n<p>Oder mit den Worten von <strong>Tamara Djusheeva<\/strong>, einer der Protagonistinnen von <strong>FLOWERS OF FREEDOM<\/strong>:<\/p>\n<p><strong>&#8220;Wenn wir nichts tun, WER DANN?&#8221;<\/strong><\/p>\n<h2 class=\"title\"><\/h2>\n<hr \/>\n<h2 class=\"title\"><\/h2>\n<h2 id=\"page-title\" class=\"title\">Gru\u00dfwort von Prof. Dr. Herta D\u00e4ubler-Gmelin<\/h2>\n<article class=\"node-389 node node-page node-promoted node-sticky view-mode-full clearfix\">\n<div class=\"field field-name-body field-type-text-with-summary field-label-hidden\">\n<div class=\"field-items\">\n<div class=\"field-item even\">\n<p><strong><em>Bundesministerin der Justiz a. D.,<\/em><br \/>\n<\/strong><\/p>\n<p><strong> Schirmherrin unserer Kampagne:<\/strong><\/p>\n<p>Ich unterst\u00fctze Mirjam Leuzes beeindruckenden Dokumentarfilm \u201eFlowers of Freedom\u201c und w\u00fcnsche ihm viele Zuschauerinnen und Zuschauer.<\/p>\n<p>Der Film nimmt uns mit in in die K\u00fcchen von Tamara, Sakisch, Asel und Erking\u00fcl und damit in ein Dorf nach Kirgisistan, einem wundersch\u00f6nen Land in Zentralasien, aus dem aber auch einer der begehrtesten Rohstoffe der Welt kommt: Gold.<\/p>\n<p>Das bringt Konflikte und der Film zeigt, wie vier mutige Frauen sich mit gleich Gesinnten zusammentun, um Entsch\u00e4digungen f\u00fcr die Opfer eines \u201eBetriebsunfalls\u201c bei der Goldgewinnung mithilfe von Zyanid zu erk\u00e4mpfen und gleichzeitig bessere Umweltkontrollen in der gr\u00f6\u00dften Goldmine ihres Landes zu erreichen.<\/p>\n<p>Die Ethnologin und Filmemacherin Mirjam Leuze begleitet diese Frauen und zeigt eindrucksvoll ihren Kampf, ihre Niederlagen und ihren Erfolg.<\/p>\n<p>Die Geschichte, die sie erz\u00e4hlt, scheint nur auf den ersten Blick weit weg.\u00a0 Das ist sie nicht, sie geht uns alle an, denn sie k\u00f6nnte sich \u2013 aus anderem Anlass und mit anderen Konflikten &#8211; an jedem anderen Ort der Welt so oder so \u00e4hnlich abspielen: sie handelt von Zivilcourage und dem Mut einfacher Menschen, gerade mutiger Frauen, die sich gegen m\u00e4chtige Wirtschaftsriesen und eine Politik auflehnen, die weniger die Lebensinteressen der Menschen, als Gewinne f\u00fcr die herrschenden Eliten im Auge haben.<\/p>\n<p>Der Film zeigt und macht Mut, f\u00fcr die eigenen Rechte einzutreten, auch wenn das zun\u00e4chst wenig aussichtsreich erscheint. Das gilt f\u00fcr den konkreten Konflikt in Kirgisistan, doch daf\u00fcr gibt es auch Beispiele hier in Deutschland.<\/p>\n<p>Der Film Flowers of Freedom startet am 26. M\u00e4rz 2015 bundesweit in den Kinos. Parallel zum Kinostart lanciert der Filmverleih BraveHearts International in Kooperation mit \u201eFairtrade Deutschland\u201c und \u201eUN Women &#8211; Nationales Komitee Deutschland e.V.\u201c eine Kampagne mit dem Titel: \u201eWenn wir nichts tun, wer dann?\u201c. Die Kampagne m\u00f6chte erreichen, \u00a0dass sich mehr Menschen\u00a0mit den M\u00f6glichkeiten auseinandersetzen, die jeder von uns hat, diese Welt im positiven Sinn zu ver\u00e4ndern.<\/p>\n<p>Prof. Dr. Herta D\u00e4ubler-Gmelin im Februar 2015<\/p>\n<\/div>\n<\/div>\n<\/div>\n<\/article>\n<\/div>\n","protected":false},"excerpt":{"rendered":"<p>Der\u00a0BraveHearts-Filmverleih\u00a0pr\u00e4sentiert die Kampagne &#8220;Wenn wir nichts tun, wer dann?&#8221; mit freundlicher Unterst\u00fctzung von UN Women Nationales Komitee Deutschland e. V. und Faitrade Deutschland. Medienpartner ist Forum Nachhaltig Wirtschaften. Die Kampagne Wir m\u00f6chten mit dieser Kampagne erreichen, dass sich mehr Menschen mit den M\u00f6glichkeiten auseinandersetzen, die jeder von uns hat, um diese Welt zu ver\u00e4ndern und [&hellip;]<\/p>\n","protected":false},"author":5,"featured_media":0,"parent":3571,"menu_order":0,"comment_status":"closed","ping_status":"closed","template":"","meta":{"footnotes":""},"class_list":["post-4005","page","type-page","status-publish","hentry"],"translation":{"provider":"WPGlobus","version":"3.0.0","language":"en","enabled_languages":["de","en"],"languages":{"de":{"title":true,"content":true,"excerpt":false},"en":{"title":false,"content":false,"excerpt":false}}},"_links":{"self":[{"href":"https:\/\/bravehearts-institute.org\/en\/wp-json\/wp\/v2\/pages\/4005","targetHints":{"allow":["GET"]}}],"collection":[{"href":"https:\/\/bravehearts-institute.org\/en\/wp-json\/wp\/v2\/pages"}],"about":[{"href":"https:\/\/bravehearts-institute.org\/en\/wp-json\/wp\/v2\/types\/page"}],"author":[{"embeddable":true,"href":"https:\/\/bravehearts-institute.org\/en\/wp-json\/wp\/v2\/users\/5"}],"replies":[{"embeddable":true,"href":"https:\/\/bravehearts-institute.org\/en\/wp-json\/wp\/v2\/comments?post=4005"}],"version-history":[{"count":0,"href":"https:\/\/bravehearts-institute.org\/en\/wp-json\/wp\/v2\/pages\/4005\/revisions"}],"up":[{"embeddable":true,"href":"https:\/\/bravehearts-institute.org\/en\/wp-json\/wp\/v2\/pages\/3571"}],"wp:attachment":[{"href":"https:\/\/bravehearts-institute.org\/en\/wp-json\/wp\/v2\/media?parent=4005"}],"curies":[{"name":"wp","href":"https:\/\/api.w.org\/{rel}","templated":true}]}}